{"id":1175,"date":"2022-03-07T12:39:05","date_gmt":"2022-03-07T11:39:05","guid":{"rendered":"https:\/\/lumiart.ch\/?page_id=1175"},"modified":"2024-12-03T13:17:36","modified_gmt":"2024-12-03T12:17:36","slug":"organisation-von-hochzeiten","status":"publish","type":"page","link":"https:\/\/lumiart.ch\/de\/organisation-von-hochzeiten\/","title":{"rendered":"Organisation von Hochzeiten"},"content":{"rendered":"<p>[et_pb_section fb_built=&#8220;1&#8243; custom_padding_last_edited=&#8220;on|phone&#8220; admin_label=&#8220;section&#8220; module_class=&#8220;slider-banniere-pages&#8220; _builder_version=&#8220;4.17.3&#8243; background_image=&#8220;https:\/\/lumiart.ch\/wp-content\/uploads\/2022\/05\/fleurs.jpg&#8220; custom_margin=&#8220;0px||0px||false|false&#8220; custom_padding=&#8220;175px||175px||true|false&#8220; custom_padding_tablet=&#8220;125px||125px||true|false&#8220; custom_padding_phone=&#8220;75px||75px||true|false&#8220; animation_style=&#8220;fade&#8220; animation_duration=&#8220;600ms&#8220; global_colors_info=&#8220;{}&#8220;][\/et_pb_section][et_pb_section fb_built=&#8220;1&#8243; custom_padding_last_edited=&#8220;on|desktop&#8220; module_class=&#8220;illustration-femme&#8220; _builder_version=&#8220;4.27.3&#8243; _module_preset=&#8220;default&#8220; custom_margin=&#8220;0px||0px||false|false&#8220; custom_padding=&#8220;75px|40px|80px|40px|false|true&#8220; custom_padding_tablet=&#8220;55px|20px|60px|20px|false|true&#8220; custom_padding_phone=&#8220;|20px||20px|false|true&#8220; global_colors_info=&#8220;{}&#8220;][et_pb_row _builder_version=&#8220;4.17.3&#8243; _module_preset=&#8220;default&#8220; custom_margin=&#8220;0px||0px||false|false&#8220; custom_padding=&#8220;0px||0px||false|false&#8220; global_colors_info=&#8220;{}&#8220;][et_pb_column type=&#8220;4_4&#8243; _builder_version=&#8220;4.17.3&#8243; _module_preset=&#8220;default&#8220; global_colors_info=&#8220;{}&#8220;][et_pb_text _builder_version=&#8220;4.27.4&#8243; _module_preset=&#8220;default&#8220; text_text_color=&#8220;#AF0917&#8243; text_orientation=&#8220;center&#8220; custom_margin=&#8220;0px||14px||false|false&#8220; custom_padding=&#8220;0px||0px||false|false&#8220; hover_enabled=&#8220;0&#8243; text_font_size_tablet=&#8220;17px&#8220; text_font_size_phone=&#8220;16px&#8220; text_font_size_last_edited=&#8220;on|desktop&#8220; global_colors_info=&#8220;{}&#8220; sticky_enabled=&#8220;0&#8243;]<\/p>\n<p><strong>Organisation Ihrer Hochzeit<\/strong><\/p>\n<p>[\/et_pb_text][et_pb_text _builder_version=&#8220;4.27.4&#8243; _module_preset=&#8220;default&#8220; header_text_align=&#8220;center&#8220; header_font_size=&#8220;38px&#8220; header_2_text_align=&#8220;center&#8220; header_2_font_size=&#8220;38px&#8220; width=&#8220;620px&#8220; max_width=&#8220;100%&#8220; module_alignment=&#8220;center&#8220; custom_margin=&#8220;0px||0px||false|false&#8220; custom_padding=&#8220;0px||0px||false|false&#8220; hover_enabled=&#8220;0&#8243; header_font_size_tablet=&#8220;35px&#8220; header_font_size_phone=&#8220;32px&#8220; header_font_size_last_edited=&#8220;on|phone&#8220; global_colors_info=&#8220;{}&#8220; sticky_enabled=&#8220;0&#8243;]<\/p>\n<h1>Wir organisieren Ihre Hochzeit in Bulle und Umgebung<\/h1>\n<p>[\/et_pb_text][et_pb_text _builder_version=&#8220;4.27.4&#8243; _module_preset=&#8220;default&#8220; text_orientation=&#8220;justified&#8220; width=&#8220;620px&#8220; max_width=&#8220;100%&#8220; module_alignment=&#8220;center&#8220; custom_margin=&#8220;0px||30px||false|false&#8220; custom_padding=&#8220;0px||0px||false|false&#8220; hover_enabled=&#8220;0&#8243; text_font_size_tablet=&#8220;17px&#8220; text_font_size_phone=&#8220;16px&#8220; text_font_size_last_edited=&#8220;on|desktop&#8220; global_colors_info=&#8220;{}&#8220; sticky_enabled=&#8220;0&#8243;]<\/p>\n<p>Marie-Luz Garcia, eine professionelle Kosmetikerin, bietet Ihnen die Organisation Ihrer Hochzeit an. Von der K\u00f6rperpflege bis zur Dekoration Ihres Hochzeitssaals, lassen Sie sich von einem professionellen Team beraten und betreuen.<\/p>\n<p>Indem wir uns an Ihr Budget anpassen, werden wir die Formel finden, die Ihnen am besten entspricht. Unser Team k\u00fcmmert sich um <strong>die gesamte Logistik<\/strong> und sorgt daf\u00fcr, dass Ihre Hochzeit reibungslos abl\u00e4uft.<\/p>\n<p>Wir k\u00f6nnen Ihnen unsere verschiedenen Dienstleistungen wie <strong>Make-up<\/strong>, <strong>Fotografie<\/strong>, <strong>Friseur<\/strong>, <strong>Florist<\/strong>, <strong>Catering<\/strong>, <strong>Babysitting<\/strong>, Gestaltung und Druck Ihrer Einladungskarten oder Ihres Men\u00fcs usw. anbieten.<\/p>\n<p>Es ist auch m\u00f6glich, das <strong>Kosmetikstudio Lumi&#8217;ART<\/strong> in Bulle f\u00fcr die Braut und ihre Brautjungfern und\/oder Personen ihrer Wahl zu privatisieren (mit kostenlosem Imbiss und Aperitif).<\/p>\n<p>Um eine optimale Organisation zu gew\u00e4hrleisten, sollten Sie Ihre Anfrage am besten ein Jahr im Voraus an uns richten.<\/p>\n<p>[\/et_pb_text][et_pb_button button_url=&#8220;@ET-DC@eyJkeW5hbWljIjp0cnVlLCJjb250ZW50IjoicG9zdF9saW5rX3VybF9wYWdlIiwic2V0dGluZ3MiOnsicG9zdF9pZCI6IjYwIn19@&#8220; button_text=&#8220;Vertrauen Sie uns Ihre Hochzeit an&#8220; button_alignment=&#8220;center&#8220; _builder_version=&#8220;4.27.4&#8243; _dynamic_attributes=&#8220;button_url&#8220; _module_preset=&#8220;default&#8220; hover_enabled=&#8220;0&#8243; global_colors_info=&#8220;{}&#8220; sticky_enabled=&#8220;0&#8243;][\/et_pb_button][\/et_pb_column][\/et_pb_row][\/et_pb_section][et_pb_section fb_built=&#8220;1&#8243; custom_padding_last_edited=&#8220;on|desktop&#8220; disabled_on=&#8220;on|on|on&#8220; _builder_version=&#8220;4.20.4&#8243; _module_preset=&#8220;default&#8220; custom_margin=&#8220;0px||0px||false|false&#8220; custom_padding=&#8220;0px|20px|40px|20px|false|true&#8220; custom_padding_tablet=&#8220;|10px|60px|10px|false|true&#8220; custom_padding_phone=&#8220;|10px|60px|10px|false|true&#8220; disabled=&#8220;on&#8220; global_colors_info=&#8220;{}&#8220;][et_pb_row use_custom_gutter=&#8220;on&#8220; gutter_width=&#8220;2&#8243; _builder_version=&#8220;4.17.3&#8243; _module_preset=&#8220;default&#8220; max_width=&#8220;1320px&#8220; custom_margin=&#8220;0px||0px||false|false&#8220; custom_padding=&#8220;0px||0px||false|false&#8220; global_colors_info=&#8220;{}&#8220;][et_pb_column type=&#8220;4_4&#8243; _builder_version=&#8220;4.17.3&#8243; _module_preset=&#8220;default&#8220; global_colors_info=&#8220;{}&#8220;][et_pb_gallery gallery_ids=&#8220;268,258,250,151,118&#8243; posts_number=&#8220;1000&#8243; show_title_and_caption=&#8220;off&#8220; show_pagination=&#8220;off&#8220; zoom_icon_color=&#8220;#AF0917&#8243; hover_overlay_color=&#8220;rgba(255,255,255,0.84)&#8220; hover_icon=&#8220;&#x30;||divi||400&#8243; _builder_version=&#8220;4.17.3&#8243; _module_preset=&#8220;default&#8220; global_colors_info=&#8220;{}&#8220;][\/et_pb_gallery][\/et_pb_column][\/et_pb_row][\/et_pb_section]<\/p>\n","protected":false},"excerpt":{"rendered":"<p>Organisation Ihrer HochzeitWir organisieren Ihre Hochzeit in Bulle und UmgebungMarie-Luz Garcia, eine professionelle Kosmetikerin, bietet Ihnen die Organisation Ihrer Hochzeit an. Von der K\u00f6rperpflege bis zur Dekoration Ihres Hochzeitssaals, lassen Sie sich von einem professionellen Team beraten und betreuen. Indem wir uns an Ihr Budget anpassen, werden wir die Formel finden, die Ihnen am besten [&hellip;]<\/p>\n","protected":false},"author":1,"featured_media":0,"parent":0,"menu_order":0,"comment_status":"closed","ping_status":"closed","template":"","meta":{"_et_pb_use_builder":"on","_et_pb_old_content":"[et_pb_section fb_built=\"1\" custom_padding_last_edited=\"on|phone\" admin_label=\"section\" module_class=\"slider-banniere-pages\" _builder_version=\"4.17.3\" background_image=\"https:\/\/lumiart.ch\/wp-content\/uploads\/2022\/05\/fleurs.jpg\" custom_margin=\"0px||0px||false|false\" custom_padding=\"175px||175px||true|false\" custom_padding_tablet=\"125px||125px||true|false\" custom_padding_phone=\"75px||75px||true|false\" animation_style=\"fade\" animation_duration=\"600ms\" global_colors_info=\"{}\"][\/et_pb_section][et_pb_section fb_built=\"1\" custom_padding_last_edited=\"on|desktop\" module_class=\"illustration-femme\" _builder_version=\"4.27.3\" _module_preset=\"default\" custom_margin=\"0px||0px||false|false\" custom_padding=\"75px|40px|80px|40px|false|true\" custom_padding_tablet=\"55px|20px|60px|20px|false|true\" custom_padding_phone=\"|20px||20px|false|true\" hover_enabled=\"0\" global_colors_info=\"{}\" sticky_enabled=\"0\"][et_pb_row _builder_version=\"4.17.3\" _module_preset=\"default\" custom_margin=\"0px||0px||false|false\" custom_padding=\"0px||0px||false|false\" global_colors_info=\"{}\"][et_pb_column type=\"4_4\" _builder_version=\"4.17.3\" _module_preset=\"default\" global_colors_info=\"{}\"][et_pb_text _builder_version=\"4.27.3\" _module_preset=\"default\" text_text_color=\"#AF0917\" text_orientation=\"center\" custom_margin=\"0px||14px||false|false\" custom_padding=\"0px||0px||false|false\" hover_enabled=\"0\" global_colors_info=\"{}\" text_font_size_last_edited=\"on|desktop\" sticky_enabled=\"0\" text_font_size_tablet=\"17px\" text_font_size_phone=\"16px\"]\n\n<strong>Organisation de votre mariage<\/strong>\n\n[\/et_pb_text][et_pb_text _builder_version=\"4.27.3\" _module_preset=\"default\" header_text_align=\"center\" header_font_size=\"38px\" header_2_text_align=\"center\" header_2_font_size=\"38px\" width=\"620px\" max_width=\"100%\" module_alignment=\"center\" custom_margin=\"0px||0px||false|false\" custom_padding=\"0px||0px||false|false\" hover_enabled=\"0\" header_font_size_tablet=\"35px\" header_font_size_phone=\"32px\" header_font_size_last_edited=\"on|phone\" global_colors_info=\"{}\" sticky_enabled=\"0\"]\n<h1>Nous organisons votre mariage \u00e0 bulle et environs<\/h1>\n[\/et_pb_text][et_pb_text _builder_version=\"4.27.3\" _module_preset=\"default\" text_orientation=\"justified\" width=\"620px\" max_width=\"100%\" module_alignment=\"center\" custom_margin=\"0px||30px||false|false\" custom_padding=\"0px||0px||false|false\" hover_enabled=\"0\" global_colors_info=\"{}\" text_font_size_last_edited=\"on|desktop\" sticky_enabled=\"0\" text_font_size_tablet=\"17px\" text_font_size_phone=\"16px\"]\n\nMarie-Luz Garcia, professionnelle de l'esth\u00e9tique, vous propose l'organisation de votre mariage. Du soin corporel \u00e0 la d\u00e9coration de votre salle de mariage, laissez-vous conseiller et guider par une \u00e9quipe de professionnels.\n\nEn nous adaptant \u00e0 votre budget, nous trouverons la formule qui vous conviendra le mieux. Notre \u00e9quipe s'occupera de <strong>toute la logistique<\/strong> et s'assurera du bon d\u00e9roulement de votre mariage.\n\nNous pouvons vous proposer nos diff\u00e9rentes prestations de <strong>maquillage<\/strong>, <strong>photographie, coiffeur<\/strong>, <strong>fleuriste, traiteur, babysitting<\/strong>, cr\u00e9ation et impression de vos cartes d'invitation ou menu, etc.\n\nIl est \u00e9galement possible de <strong>privatiser le cabinet d'esth\u00e9tique Lumi'ART<\/strong> \u00e0 Bulle pour la mari\u00e9e et ses demoiselles d'honneur et\/ou personnes de son choix (avec collation et ap\u00e9ritif offert).\n\nPour une organisation optimale, il est pr\u00e9f\u00e9rable de nous adresser votre demande avec une ann\u00e9e d'anticipation.\n\n[\/et_pb_text][et_pb_button button_url=\"@ET-DC@eyJkeW5hbWljIjp0cnVlLCJjb250ZW50IjoicG9zdF9saW5rX3VybF9wYWdlIiwic2V0dGluZ3MiOnsicG9zdF9pZCI6IjYwIn19@\" button_text=\"Confiez-nous votre mariage\" button_alignment=\"center\" _builder_version=\"4.17.3\" _dynamic_attributes=\"button_url\" _module_preset=\"default\" global_colors_info=\"{}\"][\/et_pb_button][\/et_pb_column][\/et_pb_row][\/et_pb_section][et_pb_section fb_built=\"1\" custom_padding_last_edited=\"on|desktop\" disabled_on=\"on|on|on\" _builder_version=\"4.20.4\" _module_preset=\"default\" custom_margin=\"0px||0px||false|false\" custom_padding=\"0px|20px|40px|20px|false|true\" custom_padding_tablet=\"|10px|60px|10px|false|true\" custom_padding_phone=\"|10px|60px|10px|false|true\" disabled=\"on\" global_colors_info=\"{}\"][et_pb_row use_custom_gutter=\"on\" gutter_width=\"2\" _builder_version=\"4.17.3\" _module_preset=\"default\" max_width=\"1320px\" custom_margin=\"0px||0px||false|false\" custom_padding=\"0px||0px||false|false\" global_colors_info=\"{}\"][et_pb_column type=\"4_4\" _builder_version=\"4.17.3\" _module_preset=\"default\" global_colors_info=\"{}\"][et_pb_gallery gallery_ids=\"266,256,248,149,116\" posts_number=\"1000\" show_title_and_caption=\"off\" show_pagination=\"off\" zoom_icon_color=\"#AF0917\" hover_overlay_color=\"rgba(255,255,255,0.84)\" hover_icon=\"&#x30;||divi||400\" _builder_version=\"4.17.3\" _module_preset=\"default\" global_colors_info=\"{}\"][\/et_pb_gallery][\/et_pb_column][\/et_pb_row][\/et_pb_section]","_et_gb_content_width":"","footnotes":""},"class_list":["post-1175","page","type-page","status-publish","hentry"],"_links":{"self":[{"href":"https:\/\/lumiart.ch\/de\/wp-json\/wp\/v2\/pages\/1175","targetHints":{"allow":["GET"]}}],"collection":[{"href":"https:\/\/lumiart.ch\/de\/wp-json\/wp\/v2\/pages"}],"about":[{"href":"https:\/\/lumiart.ch\/de\/wp-json\/wp\/v2\/types\/page"}],"author":[{"embeddable":true,"href":"https:\/\/lumiart.ch\/de\/wp-json\/wp\/v2\/users\/1"}],"replies":[{"embeddable":true,"href":"https:\/\/lumiart.ch\/de\/wp-json\/wp\/v2\/comments?post=1175"}],"version-history":[{"count":13,"href":"https:\/\/lumiart.ch\/de\/wp-json\/wp\/v2\/pages\/1175\/revisions"}],"predecessor-version":[{"id":1188,"href":"https:\/\/lumiart.ch\/de\/wp-json\/wp\/v2\/pages\/1175\/revisions\/1188"}],"wp:attachment":[{"href":"https:\/\/lumiart.ch\/de\/wp-json\/wp\/v2\/media?parent=1175"}],"curies":[{"name":"wp","href":"https:\/\/api.w.org\/{rel}","templated":true}]}}