{"id":1258,"date":"2022-01-23T09:43:56","date_gmt":"2022-01-23T08:43:56","guid":{"rendered":"https:\/\/lumiart.ch\/?page_id=1258"},"modified":"2024-12-03T14:15:11","modified_gmt":"2024-12-03T13:15:11","slug":"datenschutzrichtlinie","status":"publish","type":"page","link":"https:\/\/lumiart.ch\/de\/datenschutzrichtlinie\/","title":{"rendered":"Datenschutzrichtlinie"},"content":{"rendered":"<p>[et_pb_section fb_built=&#8220;1&#8243; custom_padding_last_edited=&#8220;on|desktop&#8220; module_class=&#8220;politique-de-confidentialite illustration-femme&#8220; _builder_version=&#8220;4.27.3&#8243; _module_preset=&#8220;default&#8220; custom_margin=&#8220;0px||0px||false|false&#8220; custom_padding=&#8220;75px|40px|75px|40px|true|true&#8220; custom_padding_tablet=&#8220;55px|20px|55px|20px|true|true&#8220; custom_padding_phone=&#8220;55px|20px|55px|20px|true|true&#8220; global_colors_info=&#8220;{}&#8220;][et_pb_row _builder_version=&#8220;4.17.3&#8243; _module_preset=&#8220;default&#8220; custom_margin=&#8220;0px||0px||false|false&#8220; custom_padding=&#8220;0px||0px||false|false&#8220; global_colors_info=&#8220;{}&#8220;][et_pb_column type=&#8220;4_4&#8243; _builder_version=&#8220;4.17.3&#8243; _module_preset=&#8220;default&#8220; global_colors_info=&#8220;{}&#8220;][et_pb_text _builder_version=&#8220;4.27.4&#8243; _module_preset=&#8220;default&#8220; header_text_align=&#8220;left&#8220; header_font_size=&#8220;38px&#8220; header_2_text_align=&#8220;center&#8220; header_2_font_size=&#8220;38px&#8220; width=&#8220;620px&#8220; max_width=&#8220;100%&#8220; module_alignment=&#8220;center&#8220; custom_margin=&#8220;0px||5px||false|false&#8220; custom_padding=&#8220;0px||0px||false|false&#8220; hover_enabled=&#8220;0&#8243; header_font_size_tablet=&#8220;35px&#8220; header_font_size_phone=&#8220;32px&#8220; header_font_size_last_edited=&#8220;on|phone&#8220; global_colors_info=&#8220;{}&#8220; sticky_enabled=&#8220;0&#8243;]<\/p>\n<h1>Datenschutzrichtlinie<\/h1>\n<p>[\/et_pb_text][et_pb_text _builder_version=&#8220;4.27.4&#8243; _module_preset=&#8220;default&#8220; header_2_font_size=&#8220;22px&#8220; text_orientation=&#8220;justified&#8220; width=&#8220;620px&#8220; max_width=&#8220;100%&#8220; module_alignment=&#8220;center&#8220; custom_margin=&#8220;0px||0px||false|false&#8220; custom_padding=&#8220;0px||0px||false|false&#8220; hover_enabled=&#8220;0&#8243; text_font_size_tablet=&#8220;17px&#8220; text_font_size_phone=&#8220;16px&#8220; text_font_size_last_edited=&#8220;on|desktop&#8220; header_2_font_size_tablet=&#8220;21px&#8220; header_2_font_size_phone=&#8220;20px&#8220; header_2_font_size_last_edited=&#8220;on|phone&#8220; global_colors_info=&#8220;{}&#8220; sticky_enabled=&#8220;0&#8243;]<\/p>\n<h2>1. Rechtliche Hinweise<\/h2>\n<p><strong>Lumi&#8217;ART S\u00e0rl<\/strong><br \/>Rue de Vevey 42<br \/>1630 Bulle<\/p>\n<p>Tel. <a href=\"tel:+41265654240\">026 565 42 40<\/a><br \/>Mob. <a href=\"tel:+41792400021\">079 240 00 21<\/a><br \/><a href=\"mailto:info@lumiart.ch\">info@lumiart.ch<\/a><\/p>\n<p>Handelsregister: CH-217.3.569.114-1<br \/>IDE\/TVA: CHE-193.225.366<\/p>\n<h2>2. Webhosting<\/h2>\n<p>Die Website wird gehostet von der Firma :<\/p>\n<p>Infomaniak Network SA<br \/>Rue Eug\u00e8ne-Marziano 25<br \/>1227 Genf<\/p>\n<h2>3. Allgemeines<\/h2>\n<p>Die Sch\u00f6nheitspraxis Lumi&#8217;ART pflegt ihre Website und ergreift die notwendigen Ma\u00dfnahmen, um ihr reibungsloses Funktionieren zu gew\u00e4hrleisten.<\/p>\n<p>Sie beh\u00e4lt sich das Recht vor, den Inhalt ihrer Website jederzeit und ohne vorherige Ank\u00fcndigung ganz oder teilweise zu \u00e4ndern, zu l\u00f6schen oder die Verbreitung zeitweise einzustellen.<\/p>\n<p>Er \u00fcbernimmt keine Haftung f\u00fcr direkte, indirekte oder Folgesch\u00e4den, die sich aus der Konsultation, der Nutzung oder der Unm\u00f6glichkeit des Zugriffs auf seine Website ergeben k\u00f6nnten.<\/p>\n<h2>4. Links zu anderen Webseiten<\/h2>\n<p>Das Kosmetikstudio Lumi&#8217;ART hat keinen Einfluss auf die Zielseiten, die \u00fcber externe Links erreichbar sind und zu anderen Websites f\u00fchren. Sie lehnt jegliche Verantwortung f\u00fcr den Inhalt dieser Websites ab.<\/p>\n<h2>5. Geistiges Eigentum &amp; Urheberrecht<\/h2>\n<p>Der gesamte Inhalt dieser Website ist durch das Recht auf geistiges Eigentum und das Urheberrecht gesch\u00fctzt. Das Kopieren oder die Nutzung der Inhalte dieser Website ist nur mit Zustimmung der Kosmetikpraxis Lumi&#8217;ART m\u00f6glich.<\/p>\n<h2>6. Schutz der Daten<\/h2>\n<p>Bei einem Besuch dieser Website werden keine pers\u00f6nlichen Daten gespeichert. Es werden lediglich nicht-personenbezogene Daten gespeichert.<\/p>\n<p>Auf dieser Website k\u00f6nnen personenbezogene Daten nur erhoben werden, um die vom Nutzer gew\u00fcnschten Leistungen zu erbringen (z. B. Nutzung eines Chats, per E-Mail gestellte Fragen, Anmeldung f\u00fcr einen Newsletter, Nutzung eines Kontaktformulars usw.). Diese Daten werden nur zu diesem Zweck verwendet und nicht an Dritte weitergegeben.<\/p>\n<h2>7. Google Analytics<\/h2>\n<p>Diese Website benutzt Google Analytics, einen Webanalysedienst der Google Inc. (\u201eGoogle\u201c). Google Analytics verwendet Cookies, d. h. Textdateien, die auf Ihrem Computer abgelegt werden, um der Website dabei zu helfen, die Nutzung der Website durch ihre Nutzer zu analysieren. Die von den Cookies erzeugten Daten \u00fcber Ihre Nutzung der Website (einschlie\u00dflich Ihrer IP-Adresse) werden von Google an Server in den USA weitergeleitet und dort gespeichert.<\/p>\n<p>Google wird diese Informationen benutzen, um Ihre Nutzung der Website auszuwerten, um Berichte \u00fcber die Website-Aktivit\u00e4ten f\u00fcr den Herausgeber zusammenzustellen und um weitere Dienstleistungen im Zusammenhang mit der Website-Aktivit\u00e4t und der Internetnutzung zu erbringen. Google wird diese Daten m\u00f6glicherweise an Dritte weitergeben, wenn dies gesetzlich vorgeschrieben ist oder wenn diese Dritten die Daten im Auftrag von Google verarbeiten, einschlie\u00dflich insbesondere des Herausgebers dieser Website.<\/p>\n<p>Sie k\u00f6nnen die Verwendung von Cookies deaktivieren, indem Sie die entsprechenden Einstellungen in Ihrem Browser w\u00e4hlen. Eine solche Deaktivierung kann jedoch dazu f\u00fchren, dass Sie bestimmte Funktionen dieser Website nicht nutzen k\u00f6nnen. Durch die Nutzung dieser Website erkl\u00e4ren Sie sich mit der Bearbeitung der \u00fcber Sie erhobenen Daten durch Google in der zuvor beschriebenen Art und Weise und zu dem zuvor benannten Zweck einverstanden.<\/p>\n<h2>8. Cookies<\/h2>\n<p>Diese Website verwendet Tracking-Tools (Cookies und gleichwertige Technologien), um die Nutzererfahrung zu verbessern.<\/p>\n<p>Diese Tools speichern bestimmte Informationen und Daten, die bei der Interaktion mit der Internetseite von Ihrem Browser aus \u00fcbermittelt werden. Dazu geh\u00f6ren die zuvor besuchte Seite oder Internetseite, die H\u00e4ufigkeit der Besuche, die geografische Region und das Medium des Nutzers sowie, sofern er sie zug\u00e4nglich gemacht hat, sein Alter, sein Geschlecht etc.<\/p>\n<p>Diese Informationen erm\u00f6glichen es, die Nutzung der Website zu bewerten, die durch die Nutzung der Website und des Internets im Allgemeinen zug\u00e4nglichen Dienste bereitzustellen und durch Personalisierung zu verbessern und auch die Anzeige und die Werbema\u00dfnahmen f\u00fcr die Nutzer, insbesondere f\u00fcr die Kunden, zu personalisieren. Diese Form der Werbung wird v\u00f6llig anonym durchgef\u00fchrt.<\/p>\n<p>Sie k\u00f6nnen diese Option deaktivieren, indem Sie die entsprechenden Einstellungen in Ihrem Browser w\u00e4hlen. Eine solche Deaktivierung k\u00f6nnte jedoch die vollst\u00e4ndige Nutzung bestimmter Funktionen dieser Website verhindern.<\/p>\n<p>[\/et_pb_text][\/et_pb_column][\/et_pb_row][\/et_pb_section]<\/p>\n","protected":false},"excerpt":{"rendered":"<p>Datenschutzrichtlinie1. Rechtliche Hinweise Lumi&#8217;ART S\u00e0rlRue de Vevey 421630 Bulle Tel. 026 565 42 40Mob. 079 240 00 21info@lumiart.ch Handelsregister: CH-217.3.569.114-1IDE\/TVA: CHE-193.225.366 2. Webhosting Die Website wird gehostet von der Firma : Infomaniak Network SARue Eug\u00e8ne-Marziano 251227 Genf 3. Allgemeines Die Sch\u00f6nheitspraxis Lumi&#8217;ART pflegt ihre Website und ergreift die notwendigen Ma\u00dfnahmen, um ihr reibungsloses Funktionieren zu [&hellip;]<\/p>\n","protected":false},"author":1,"featured_media":0,"parent":0,"menu_order":0,"comment_status":"closed","ping_status":"open","template":"","meta":{"_et_pb_use_builder":"on","_et_pb_old_content":"[et_pb_section fb_built=\"1\" custom_padding_last_edited=\"on|desktop\" module_class=\"politique-de-confidentialite illustration-femme\" _builder_version=\"4.27.3\" _module_preset=\"default\" custom_margin=\"0px||0px||false|false\" custom_padding=\"75px|40px|75px|40px|true|true\" custom_padding_tablet=\"55px|20px|55px|20px|true|true\" custom_padding_phone=\"55px|20px|55px|20px|true|true\" hover_enabled=\"0\" global_colors_info=\"{}\" sticky_enabled=\"0\"][et_pb_row _builder_version=\"4.17.3\" _module_preset=\"default\" custom_margin=\"0px||0px||false|false\" custom_padding=\"0px||0px||false|false\" global_colors_info=\"{}\"][et_pb_column type=\"4_4\" _builder_version=\"4.17.3\" _module_preset=\"default\" global_colors_info=\"{}\"][et_pb_text _builder_version=\"4.27.3\" _module_preset=\"default\" header_text_align=\"left\" header_font_size=\"38px\" header_2_text_align=\"center\" header_2_font_size=\"38px\" width=\"620px\" max_width=\"100%\" module_alignment=\"center\" custom_margin=\"0px||5px||false|false\" custom_padding=\"0px||0px||false|false\" header_font_size_tablet=\"35px\" header_font_size_phone=\"32px\" header_font_size_last_edited=\"on|phone\" global_colors_info=\"{}\"]\n<h1>Politique de confidentialit\u00e9<\/h1>\n[\/et_pb_text][et_pb_text _builder_version=\"4.27.3\" _module_preset=\"default\" header_2_font_size=\"22px\" text_orientation=\"justified\" width=\"620px\" max_width=\"100%\" module_alignment=\"center\" custom_margin=\"0px||0px||false|false\" custom_padding=\"0px||0px||false|false\" text_font_size_tablet=\"17px\" text_font_size_phone=\"16px\" text_font_size_last_edited=\"on|desktop\" header_2_font_size_tablet=\"21px\" header_2_font_size_phone=\"20px\" header_2_font_size_last_edited=\"on|phone\" global_colors_info=\"{}\"]\n<h2>1. Mentions l\u00e9gales<\/h2>\n<strong>Lumi'ART Sa\u0300rl<\/strong>\nRue de Vevey 42\n1630 Bulle\n\nT\u00e9l. <a href=\"tel:0041265654240\" title=\"026 565 42 40\">026 565 42 40<\/a>\nMob. <a href=\"tel:0041792400021\" title=\"079 240 00 21\">079 240 00 21<\/a>\n<a href=\"mailto:info@lumiart.ch\" title=\"info@lumiart.ch\">info@lumiart.ch<\/a>\n\nRegistre du commerce : CH-217.3.569.114-1\nIDE\/TVA : CHE-193.225.366\n<h2>2. H\u00e9bergement web<\/h2>\nLe site internet est h\u00e9berg\u00e9 par la soci\u00e9t\u00e9 :\n\nInfomaniak Network SA\nRue Eug\u00e8ne-Marziano 25\n1227 Gen\u00e8ve\n<h2>3. G\u00e9n\u00e9ralit\u00e9s<\/h2>\nLe cabinet d'esth\u00e9tique Lumi'ART entretient son site internet et prend les mesures n\u00e9cessaires pour assurer son bon fonctionnement.\n\nIl se r\u00e9serve le droit de modifier en partie ou en totalit\u00e9 le contenu de son site internet, de le supprimer ou d\u2019en suspendre temporairement la diffusion, et ce en tout temps et sans avertissement pr\u00e9alable.\n\nIl n\u2019assume aucune responsabilit\u00e9 pour les dommages directs, indirects ou cons\u00e9cutifs qui pourraient r\u00e9sulter de la consultation, de l\u2019utilisation ou de l\u2019impossibilit\u00e9 d\u2019acc\u00e9der \u00e0 son site web.\n<h2>4. Liens vers d\u2019autres sites web<\/h2>\nLe cabinet d'esth\u00e9tique Lumi'ART n\u2019a aucune influence sur les pages de destination accessibles depuis les liens externes et menant \u00e0 d\u2019autres sites web. Il rejette toute responsabilit\u00e9 quant au contenu de ces sites.\n<h2>5. Propri\u00e9t\u00e9 intellectuelle &amp; droit d\u2019auteur<\/h2>\nL\u2019ensemble des contenus de ce site internet est prot\u00e9g\u00e9 par le droit sur la propri\u00e9t\u00e9 intellectuelle et par le droit d\u2019auteur. Toute copie ou utilisation des contenus de ce site internet est possible avec l\u2019accord du cabinet d'esth\u00e9tique Lumi'ART uniquement.\n<h2>6. Protection des donn\u00e9es<\/h2>\nAucune donn\u00e9e personnelle n\u2019est enregistr\u00e9e lors d\u2019une visite de ce site internet. Seules des donn\u00e9es non personnelles sont enregistr\u00e9es.\n\nLe pr\u00e9sent site web peut recueillir des donn\u00e9es personnelles uniquement pour fournir les prestations demand\u00e9es par l\u2019utilisateur (p. ex. Utilisation d\u2019un chat, questions adress\u00e9es par courrier \u00e9lectronique, inscription \u00e0 une newsletter, utilisation d\u2019un formulaire de contact, etc.). Ces donn\u00e9es ne sont utilis\u00e9es qu\u2019\u00e0 cette fin et ne sont pas transmises \u00e0 des tiers.\n<h2>7. Google Analytics<\/h2>\nCe site utilise Google Analytics, un service d'analyse de site internet fourni par Google Inc. (\u00abGoogle\u00bb). Google Analytics utilise des cookies, qui sont des fichiers texte plac\u00e9s sur votre ordinateur, pour aider le site internet \u00e0 analyser l'utilisation du site par ses utilisateurs. Les donn\u00e9es g\u00e9n\u00e9r\u00e9es par les cookies concernant votre utilisation du site (y compris votre adresse IP) seront transmises et stock\u00e9es par Google sur des serveurs situ\u00e9s aux \u00c9tats-Unis.\n\nGoogle utilisera cette information dans le but d'\u00e9valuer votre utilisation du site, de compiler des rapports sur l'activit\u00e9 du site \u00e0 destination de son \u00e9diteur et de fournir d'autres services relatifs \u00e0 l'activit\u00e9 du site et \u00e0 l'utilisation d'internet. Google est susceptible de communiquer ces donn\u00e9es \u00e0 des tiers en cas d'obligation l\u00e9gale ou lorsque ces tiers traitent ces donn\u00e9es pour le compte de Google, y compris notamment l'\u00e9diteur de ce site.\n\nVous pouvez d\u00e9sactiver l'utilisation de cookies en s\u00e9lectionnant les param\u00e8tres appropri\u00e9s de votre navigateur. Cependant, une telle d\u00e9sactivation pourrait emp\u00eacher l'utilisation de certaines fonctionnalit\u00e9s de ce site. En utilisant ce site internet, vous consentez express\u00e9ment au traitement de vos donn\u00e9es nominatives par Google dans les conditions et pour les finalit\u00e9s d\u00e9crites ci-dessus.\n<h2>8. Cookies<\/h2>\nCe site internet utilise des outils de suivi (cookies et des technologies \u00e9quivalentes) dans le but d\u2019am\u00e9liorer l\u2019exp\u00e9rience utilisateur.\n\nCes outils enregistrent certaines informations et donn\u00e9es communiqu\u00e9es lors d\u2019\u00e9changes avec la page internet depuis votre navigateur. Il s\u2019agit notamment de la page ou du site internet visit\u00e9s avant, la fr\u00e9quence des visites, la zone g\u00e9ographique et le support de l\u2019utilisateur ainsi que, pour autant qu\u2019il les ait rendus accessibles, son \u00e2ge, son sexe, etc.\n\nCes informations permettent d\u2019\u00e9valuer l\u2019utilisation du site, de fournir et am\u00e9liorer en les personnalisant les services accessibles par l\u2019utilisation du site et d\u2019internet en g\u00e9n\u00e9ral et aussi de personnaliser l\u2019affichage et les actions publicitaires pour les utilisateurs, notamment pour les clients. Cette forme de publicit\u00e9 est effectu\u00e9e de mani\u00e8re enti\u00e8rement anonyme.\n\nVous pouvez d\u00e9sactiver cette option en s\u00e9lectionnant les param\u00e8tres appropri\u00e9s de votre navigateur. Cependant, une telle d\u00e9sactivation pourrait emp\u00eacher l\u2019utilisation compl\u00e8te de certaines fonctionnalit\u00e9s de ce site.\n\n[\/et_pb_text][\/et_pb_column][\/et_pb_row][\/et_pb_section]","_et_gb_content_width":"","footnotes":""},"class_list":["post-1258","page","type-page","status-publish","hentry"],"_links":{"self":[{"href":"https:\/\/lumiart.ch\/de\/wp-json\/wp\/v2\/pages\/1258","targetHints":{"allow":["GET"]}}],"collection":[{"href":"https:\/\/lumiart.ch\/de\/wp-json\/wp\/v2\/pages"}],"about":[{"href":"https:\/\/lumiart.ch\/de\/wp-json\/wp\/v2\/types\/page"}],"author":[{"embeddable":true,"href":"https:\/\/lumiart.ch\/de\/wp-json\/wp\/v2\/users\/1"}],"replies":[{"embeddable":true,"href":"https:\/\/lumiart.ch\/de\/wp-json\/wp\/v2\/comments?post=1258"}],"version-history":[{"count":11,"href":"https:\/\/lumiart.ch\/de\/wp-json\/wp\/v2\/pages\/1258\/revisions"}],"predecessor-version":[{"id":1269,"href":"https:\/\/lumiart.ch\/de\/wp-json\/wp\/v2\/pages\/1258\/revisions\/1269"}],"wp:attachment":[{"href":"https:\/\/lumiart.ch\/de\/wp-json\/wp\/v2\/media?parent=1258"}],"curies":[{"name":"wp","href":"https:\/\/api.w.org\/{rel}","templated":true}]}}