{"id":1098,"date":"2022-03-05T18:34:40","date_gmt":"2022-03-05T17:34:40","guid":{"rendered":"https:\/\/lumiart.ch\/?page_id=1098"},"modified":"2024-12-03T11:29:18","modified_gmt":"2024-12-03T10:29:18","slug":"contact","status":"publish","type":"page","link":"https:\/\/lumiart.ch\/en\/contact\/","title":{"rendered":"Contact"},"content":{"rendered":"<p>[et_pb_section fb_built=&#8221;1&#8243; module_class=&#8221;carte-google-maps&#8221; _builder_version=&#8221;4.17.3&#8243; _module_preset=&#8221;default&#8221; custom_margin=&#8221;0px||0px||false|false&#8221; custom_padding=&#8221;0px||0px||false|false&#8221; global_colors_info=&#8221;{}&#8221;][et_pb_row _builder_version=&#8221;4.17.3&#8243; _module_preset=&#8221;default&#8221; width=&#8221;100%&#8221; max_width=&#8221;100%&#8221; custom_margin=&#8221;0px||0px||false|false&#8221; custom_padding=&#8221;0px||0px||false|false&#8221; global_colors_info=&#8221;{}&#8221;][et_pb_column type=&#8221;4_4&#8243; _builder_version=&#8221;4.17.3&#8243; _module_preset=&#8221;default&#8221; global_colors_info=&#8221;{}&#8221;][et_pb_code _builder_version=&#8221;4.17.3&#8243; _module_preset=&#8221;default&#8221; custom_margin=&#8221;0px||0px||false|false&#8221; custom_padding=&#8221;0px||0px||false|false&#8221; global_colors_info=&#8221;{}&#8221;]<iframe src=\"https:\/\/www.google.com\/maps\/embed?pb=!1m18!1m12!1m3!1d2740.5518988777503!2d7.051748751836855!3d46.61585786377663!2m3!1f0!2f0!3f0!3m2!1i1024!2i768!4f13.1!3m3!1m2!1s0x478e62878543e955%3A0x628f658f07b1b670!2sLumi&#39;ART%20%7C%20Cabinet%20d&#39;esth%C3%A9tique%20%C3%A0%20Bulle!5e0!3m2!1sfr!2sch!4v1651826786163!5m2!1sfr!2sch\" width=\"600\" height=\"400\" style=\"border:0;\" allowfullscreen=\"\" loading=\"lazy\" referrerpolicy=\"no-referrer-when-downgrade\"><\/iframe>[\/et_pb_code][\/et_pb_column][\/et_pb_row][\/et_pb_section][et_pb_section fb_built=&#8221;1&#8243; custom_padding_last_edited=&#8221;on|desktop&#8221; module_id=&#8221;formulaire-de-contact&#8221; module_class=&#8221;illustration-homme&#8221; _builder_version=&#8221;4.27.3&#8243; _module_preset=&#8221;default&#8221; background_enable_color=&#8221;off&#8221; custom_margin=&#8221;0px||0px||false|false&#8221; custom_padding=&#8221;78px|40px|75px|40px|false|true&#8221; custom_padding_tablet=&#8221;58px|20px|60px|20px|false|true&#8221; custom_padding_phone=&#8221;|20px||20px|false|true&#8221; global_colors_info=&#8221;{}&#8221;][et_pb_row _builder_version=&#8221;4.24.2&#8243; _module_preset=&#8221;default&#8221; custom_margin=&#8221;0px||40px||false|false&#8221; custom_padding=&#8221;0px||0px||false|false&#8221; global_colors_info=&#8221;{}&#8221;][et_pb_column type=&#8221;4_4&#8243; _builder_version=&#8221;4.16&#8243; _module_preset=&#8221;default&#8221; global_colors_info=&#8221;{}&#8221;][et_pb_text _builder_version=&#8221;4.27.4&#8243; _module_preset=&#8221;default&#8221; text_text_color=&#8221;#AF0917&#8243; text_orientation=&#8221;center&#8221; custom_margin=&#8221;0px||14px||false|false&#8221; custom_padding=&#8221;0px||0px||false|false&#8221; hover_enabled=&#8221;0&#8243; text_font_size_tablet=&#8221;17px&#8221; text_font_size_phone=&#8221;16px&#8221; text_font_size_last_edited=&#8221;on|desktop&#8221; global_colors_info=&#8221;{}&#8221; sticky_enabled=&#8221;0&#8243;]<\/p>\n<p><strong>Have a question?<\/strong><\/p>\n<p>[\/et_pb_text][et_pb_text _builder_version=&#8221;4.27.4&#8243; _module_preset=&#8221;default&#8221; header_font_size=&#8221;38px&#8221; header_2_font_size=&#8221;38px&#8221; text_orientation=&#8221;center&#8221; width=&#8221;620px&#8221; max_width=&#8221;100%&#8221; module_alignment=&#8221;center&#8221; custom_margin=&#8221;0px||0px||false|false&#8221; custom_padding=&#8221;0px||0px||false|false&#8221; header_font_size_tablet=&#8221;35px&#8221; header_font_size_phone=&#8221;32px&#8221; header_font_size_last_edited=&#8221;on|desktop&#8221; global_colors_info=&#8221;{}&#8221;]<\/p>\n<h1>Contact us<\/h1>\n<p>[\/et_pb_text][\/et_pb_column][\/et_pb_row][et_pb_row column_structure=&#8221;1_3,2_3&#8243; use_custom_gutter=&#8221;on&#8221; gutter_width=&#8221;2&#8243; _builder_version=&#8221;4.17.3&#8243; _module_preset=&#8221;default&#8221; custom_margin=&#8221;0px||0px||false|false&#8221; custom_padding=&#8221;0px||0px||false|false&#8221; global_colors_info=&#8221;{}&#8221;][et_pb_column type=&#8221;1_3&#8243; _builder_version=&#8221;4.17.3&#8243; _module_preset=&#8221;default&#8221; global_colors_info=&#8221;{}&#8221;][et_pb_text _builder_version=&#8221;4.27.4&#8243; _module_preset=&#8221;default&#8221; header_2_font_size=&#8221;28px&#8221; header_3_font_size=&#8221;28px&#8221; custom_margin=&#8221;0px||5px||false|false&#8221; custom_padding=&#8221;0px||0px||false|false&#8221; header_2_font_size_tablet=&#8221;26px&#8221; header_2_font_size_phone=&#8221;24px&#8221; header_2_font_size_last_edited=&#8221;on|phone&#8221; global_colors_info=&#8221;{}&#8221;]<\/p>\n<h2>Contact<\/h2>\n<p>[\/et_pb_text][et_pb_text _builder_version=&#8221;4.27.4&#8243; _module_preset=&#8221;default&#8221; custom_margin=&#8221;0px||35px||false|false&#8221; custom_padding=&#8221;0px||0px||false|false&#8221; text_font_size_tablet=&#8221;17px&#8221; text_font_size_phone=&#8221;16px&#8221; text_font_size_last_edited=&#8221;on|desktop&#8221; global_colors_info=&#8221;{}&#8221;]<\/p>\n<p><strong>Lumi&#8217;ART Sa\u0300rl<\/strong><br \/>Rue de Vevey 42<br \/>1630 Bulle<\/p>\n<p><em>3 parking spaces available for customers<\/em><br \/><em>Handicapped-accessible entrance<\/em><\/p>\n<p>Tel. <a href=\"tel:0041265654240\" title=\"026 565 42 40\">026 565 42 40<\/a><br \/>Mob. <a href=\"tel:0041792400021\" title=\"079 240 00 21\">079 240 00 21<\/a><br \/><a href=\"mailto:info@lumiart.ch\" title=\"info@lumiart.ch\">info@lumiart.ch<\/a><\/p>\n<p>[\/et_pb_text][et_pb_text _builder_version=&#8221;4.27.4&#8243; _module_preset=&#8221;default&#8221; header_2_font_size=&#8221;28px&#8221; header_3_font_size=&#8221;28px&#8221; custom_margin=&#8221;0px||5px||false|false&#8221; custom_padding=&#8221;0px||0px||false|false&#8221; header_2_font_size_tablet=&#8221;26px&#8221; header_2_font_size_phone=&#8221;24px&#8221; header_2_font_size_last_edited=&#8221;on|desktop&#8221; global_colors_info=&#8221;{}&#8221;]<\/p>\n<h2>Opening hours<\/h2>\n<p>[\/et_pb_text][et_pb_text _builder_version=&#8221;4.27.4&#8243; _module_preset=&#8221;default&#8221; custom_margin=&#8221;0px||0px||false|false&#8221; custom_margin_tablet=&#8221;||20px||false|false&#8221; custom_margin_phone=&#8221;||20px||false|false&#8221; custom_margin_last_edited=&#8221;on|desktop&#8221; custom_padding=&#8221;0px||0px||false|false&#8221; text_font_size_tablet=&#8221;17px&#8221; text_font_size_phone=&#8221;16px&#8221; text_font_size_last_edited=&#8221;on|desktop&#8221; global_colors_info=&#8221;{}&#8221;]<\/p>\n<p><strong>Monday to Friday<\/strong><br \/>08h30-12h00 \/ 13h30-18h30<\/p>\n<p><strong>Saturday<\/strong><br \/>08h30-12h00 \/ 13h30-16h00<\/p>\n<p><strong>Sunday<\/strong><br \/>Closed<\/p>\n<p class=\"p1\"><em>Possibility of privatizing or booking outside opening hours for certain events such as weddings or special make-up for private or themed evenings<\/em><\/p>\n<p>[\/et_pb_text][\/et_pb_column][et_pb_column type=&#8221;2_3&#8243; _builder_version=&#8221;4.17.3&#8243; _module_preset=&#8221;default&#8221; global_colors_info=&#8221;{}&#8221;][wpforms_selector form_id=&#8221;377&#8243; _builder_version=&#8221;4.17.3&#8243; _module_preset=&#8221;default&#8221; custom_margin=&#8221;-10px||0px||false|false&#8221; custom_padding=&#8221;0px||0px||false|false&#8221; global_colors_info=&#8221;{}&#8221;][\/wpforms_selector][\/et_pb_column][\/et_pb_row][\/et_pb_section]<\/p>\n","protected":false},"excerpt":{"rendered":"<p>Have a question?Contact usContactLumi&#8217;ART Sa\u0300rlRue de Vevey 421630 Bulle 3 parking spaces available for customersHandicapped-accessible entrance Tel. 026 565 42 40Mob. 079 240 00 21info@lumiart.chOpening hoursMonday to Friday08h30-12h00 \/ 13h30-18h30 Saturday08h30-12h00 \/ 13h30-16h00 SundayClosed Possibility of privatizing or booking outside opening hours for certain events such as weddings or special make-up for private or themed [&hellip;]<\/p>\n","protected":false},"author":1,"featured_media":0,"parent":0,"menu_order":0,"comment_status":"closed","ping_status":"closed","template":"","meta":{"_et_pb_use_builder":"on","_et_pb_old_content":"[et_pb_section fb_built=\"1\" module_class=\"carte-google-maps\" _builder_version=\"4.17.3\" _module_preset=\"default\" custom_margin=\"0px||0px||false|false\" custom_padding=\"0px||0px||false|false\" global_colors_info=\"{}\"][et_pb_row _builder_version=\"4.17.3\" _module_preset=\"default\" width=\"100%\" max_width=\"100%\" custom_margin=\"0px||0px||false|false\" custom_padding=\"0px||0px||false|false\" global_colors_info=\"{}\"][et_pb_column type=\"4_4\" _builder_version=\"4.17.3\" _module_preset=\"default\" global_colors_info=\"{}\"][et_pb_code _builder_version=\"4.17.3\" _module_preset=\"default\" custom_margin=\"0px||0px||false|false\" custom_padding=\"0px||0px||false|false\" global_colors_info=\"{}\"]<iframe src=\"https:\/\/www.google.com\/maps\/embed?pb=!1m18!1m12!1m3!1d2740.5518988777503!2d7.051748751836855!3d46.61585786377663!2m3!1f0!2f0!3f0!3m2!1i1024!2i768!4f13.1!3m3!1m2!1s0x478e62878543e955%3A0x628f658f07b1b670!2sLumi&#39;ART%20%7C%20Cabinet%20d&#39;esth%C3%A9tique%20%C3%A0%20Bulle!5e0!3m2!1sfr!2sch!4v1651826786163!5m2!1sfr!2sch\" width=\"600\" height=\"400\" style=\"border:0;\" allowfullscreen=\"\" loading=\"lazy\" referrerpolicy=\"no-referrer-when-downgrade\"><\/iframe>[\/et_pb_code][\/et_pb_column][\/et_pb_row][\/et_pb_section][et_pb_section fb_built=\"1\" custom_padding_last_edited=\"on|desktop\" module_id=\"formulaire-de-contact\" module_class=\"illustration-homme\" _builder_version=\"4.27.3\" _module_preset=\"default\" background_enable_color=\"off\" custom_margin=\"0px||0px||false|false\" custom_padding=\"78px|40px|75px|40px|false|true\" custom_padding_tablet=\"58px|20px|60px|20px|false|true\" custom_padding_phone=\"|20px||20px|false|true\" global_colors_info=\"{}\"][et_pb_row _builder_version=\"4.24.2\" _module_preset=\"default\" custom_margin=\"0px||40px||false|false\" custom_padding=\"0px||0px||false|false\" global_colors_info=\"{}\"][et_pb_column type=\"4_4\" _builder_version=\"4.16\" _module_preset=\"default\" global_colors_info=\"{}\"][et_pb_text _builder_version=\"4.27.3\" _module_preset=\"default\" text_text_color=\"#AF0917\" text_orientation=\"center\" custom_margin=\"0px||14px||false|false\" custom_padding=\"0px||0px||false|false\" text_font_size_tablet=\"17px\" text_font_size_phone=\"16px\" text_font_size_last_edited=\"on|desktop\" global_colors_info=\"{}\"]\n\n<strong>Une question ?<\/strong>\n\n[\/et_pb_text][et_pb_text _builder_version=\"4.27.3\" _module_preset=\"default\" header_font_size=\"38px\" header_2_font_size=\"38px\" text_orientation=\"center\" width=\"620px\" max_width=\"100%\" module_alignment=\"center\" custom_margin=\"0px||0px||false|false\" custom_padding=\"0px||0px||false|false\" header_font_size_tablet=\"35px\" header_font_size_phone=\"32px\" header_font_size_last_edited=\"on|desktop\" global_colors_info=\"{}\"]\n<h1>Contactez-nous<\/h1>\n[\/et_pb_text][\/et_pb_column][\/et_pb_row][et_pb_row column_structure=\"1_3,2_3\" use_custom_gutter=\"on\" gutter_width=\"2\" _builder_version=\"4.17.3\" _module_preset=\"default\" custom_margin=\"0px||0px||false|false\" custom_padding=\"0px||0px||false|false\" global_colors_info=\"{}\"][et_pb_column type=\"1_3\" _builder_version=\"4.17.3\" _module_preset=\"default\" global_colors_info=\"{}\"][et_pb_text _builder_version=\"4.27.3\" _module_preset=\"default\" header_2_font_size=\"28px\" header_3_font_size=\"28px\" custom_margin=\"0px||5px||false|false\" custom_padding=\"0px||0px||false|false\" header_2_font_size_tablet=\"26px\" header_2_font_size_phone=\"24px\" header_2_font_size_last_edited=\"on|phone\" global_colors_info=\"{}\"]\n<h2>Coordonn\u00e9es<\/h2>\n[\/et_pb_text][et_pb_text _builder_version=\"4.27.3\" _module_preset=\"default\" custom_margin=\"0px||35px||false|false\" custom_padding=\"0px||0px||false|false\" text_font_size_tablet=\"17px\" text_font_size_phone=\"16px\" text_font_size_last_edited=\"on|desktop\" global_colors_info=\"{}\"]\n\n<strong>Lumi'ART Sa\u0300rl<\/strong>\nRue de Vevey 42\n1630 Bulle\n\n<em>3 places de parc \u00e0 disposition de la client\u00e8le\n<\/em><em>Entr\u00e9e accessible aux personnes handicap\u00e9es<\/em>\n\nT\u00e9l. <a href=\"tel:0041265654240\" title=\"026 565 42 40\">026 565 42 40<\/a>\nMob. <a href=\"tel:0041792400021\" title=\"079 240 00 21\">079 240 00 21<\/a>\n<a href=\"mailto:info@lumiart.ch\" title=\"info@lumiart.ch\">info@lumiart.ch<\/a>\n\n[\/et_pb_text][et_pb_text _builder_version=\"4.27.3\" _module_preset=\"default\" header_2_font_size=\"28px\" header_3_font_size=\"28px\" custom_margin=\"0px||5px||false|false\" custom_padding=\"0px||0px||false|false\" header_2_font_size_tablet=\"26px\" header_2_font_size_phone=\"24px\" header_2_font_size_last_edited=\"on|desktop\" global_colors_info=\"{}\"]\n<h2>Horaires<\/h2>\n[\/et_pb_text][et_pb_text _builder_version=\"4.27.3\" _module_preset=\"default\" custom_margin=\"0px||0px||false|false\" custom_padding=\"0px||0px||false|false\" hover_enabled=\"0\" text_font_size_tablet=\"17px\" text_font_size_phone=\"16px\" text_font_size_last_edited=\"on|desktop\" global_colors_info=\"{}\" custom_margin_last_edited=\"on|desktop\" sticky_enabled=\"0\" custom_margin_tablet=\"||20px||false|false\" custom_margin_phone=\"||20px||false|false\"]\n\n<strong>Du Lundi au Vendredi<\/strong>\n08h30-12h00 \/ 13h30-18h30\n\n<strong>Samedi<\/strong>\n08h30-12h00 \/ 13h30-16h00\n\n<strong>Dimanche<\/strong>\nFerm\u00e9\n<p class=\"p1\"><em>Possibilit\u00e9 de privatiser ou de r\u00e9server hors horaires pour certains \u00e9v\u00e9nements tels que mariages ou maquillages sp\u00e9cifiques pour soir\u00e9es priv\u00e9es ou \u00e0 th\u00e8mes<\/em><\/p>\n[\/et_pb_text][\/et_pb_column][et_pb_column type=\"2_3\" _builder_version=\"4.17.3\" _module_preset=\"default\" global_colors_info=\"{}\"][wpforms_selector form_id=\"377\" _builder_version=\"4.17.3\" _module_preset=\"default\" custom_margin=\"-10px||0px||false|false\" custom_padding=\"0px||0px||false|false\" global_colors_info=\"{}\"][\/wpforms_selector][\/et_pb_column][\/et_pb_row][\/et_pb_section]","_et_gb_content_width":"","footnotes":""},"class_list":["post-1098","page","type-page","status-publish","hentry"],"_links":{"self":[{"href":"https:\/\/lumiart.ch\/en\/wp-json\/wp\/v2\/pages\/1098","targetHints":{"allow":["GET"]}}],"collection":[{"href":"https:\/\/lumiart.ch\/en\/wp-json\/wp\/v2\/pages"}],"about":[{"href":"https:\/\/lumiart.ch\/en\/wp-json\/wp\/v2\/types\/page"}],"author":[{"embeddable":true,"href":"https:\/\/lumiart.ch\/en\/wp-json\/wp\/v2\/users\/1"}],"replies":[{"embeddable":true,"href":"https:\/\/lumiart.ch\/en\/wp-json\/wp\/v2\/comments?post=1098"}],"version-history":[{"count":6,"href":"https:\/\/lumiart.ch\/en\/wp-json\/wp\/v2\/pages\/1098\/revisions"}],"predecessor-version":[{"id":1161,"href":"https:\/\/lumiart.ch\/en\/wp-json\/wp\/v2\/pages\/1098\/revisions\/1161"}],"wp:attachment":[{"href":"https:\/\/lumiart.ch\/en\/wp-json\/wp\/v2\/media?parent=1098"}],"curies":[{"name":"wp","href":"https:\/\/api.w.org\/{rel}","templated":true}]}}