{"id":1129,"date":"2022-03-07T12:37:53","date_gmt":"2022-03-07T11:37:53","guid":{"rendered":"https:\/\/lumiart.ch\/?page_id=1129"},"modified":"2024-12-03T11:27:56","modified_gmt":"2024-12-03T10:27:56","slug":"individual-advice","status":"publish","type":"page","link":"https:\/\/lumiart.ch\/en\/individual-advice\/","title":{"rendered":"Individual advice"},"content":{"rendered":"<p>[et_pb_section fb_built=&#8221;1&#8243; custom_padding_last_edited=&#8221;on|phone&#8221; admin_label=&#8221;section&#8221; module_class=&#8221;slider-banniere-pages&#8221; _builder_version=&#8221;4.24.2&#8243; background_image=&#8221;https:\/\/lumiart.ch\/wp-content\/uploads\/2024\/02\/conseils.jpg&#8221; custom_margin=&#8221;0px||0px||false|false&#8221; custom_padding=&#8221;175px||175px||true|false&#8221; custom_padding_tablet=&#8221;125px||125px||true|false&#8221; custom_padding_phone=&#8221;75px||75px||true|false&#8221; animation_style=&#8221;fade&#8221; animation_duration=&#8221;600ms&#8221; global_colors_info=&#8221;{}&#8221;][\/et_pb_section][et_pb_section fb_built=&#8221;1&#8243; custom_padding_last_edited=&#8221;on|desktop&#8221; module_class=&#8221;illustration-femme&#8221; _builder_version=&#8221;4.27.3&#8243; _module_preset=&#8221;default&#8221; custom_margin=&#8221;0px||0px||false|false&#8221; custom_padding=&#8221;75px|40px|80px|40px|false|true&#8221; custom_padding_tablet=&#8221;55px|20px|60px|20px|false|true&#8221; custom_padding_phone=&#8221;|20px||20px|false|true&#8221; global_colors_info=&#8221;{}&#8221;][et_pb_row _builder_version=&#8221;4.17.3&#8243; _module_preset=&#8221;default&#8221; custom_margin=&#8221;0px||0px||false|false&#8221; custom_padding=&#8221;0px||0px||false|false&#8221; global_colors_info=&#8221;{}&#8221;][et_pb_column type=&#8221;4_4&#8243; _builder_version=&#8221;4.17.3&#8243; _module_preset=&#8221;default&#8221; global_colors_info=&#8221;{}&#8221;][et_pb_text _builder_version=&#8221;4.27.4&#8243; _module_preset=&#8221;default&#8221; text_text_color=&#8221;#AF0917&#8243; text_orientation=&#8221;center&#8221; custom_margin=&#8221;0px||14px||false|false&#8221; custom_padding=&#8221;0px||0px||false|false&#8221; text_font_size_tablet=&#8221;17px&#8221; text_font_size_phone=&#8221;16px&#8221; text_font_size_last_edited=&#8221;on|desktop&#8221; global_colors_info=&#8221;{}&#8221;]<\/p>\n<p><strong>Individual advice<\/strong><\/p>\n<p>[\/et_pb_text][et_pb_text _builder_version=&#8221;4.27.4&#8243; _module_preset=&#8221;default&#8221; header_text_align=&#8221;center&#8221; header_font_size=&#8221;38px&#8221; header_2_text_align=&#8221;center&#8221; header_2_font_size=&#8221;38px&#8221; width=&#8221;620px&#8221; max_width=&#8221;100%&#8221; module_alignment=&#8221;center&#8221; custom_margin=&#8221;0px||0px||false|false&#8221; custom_padding=&#8221;0px||0px||false|false&#8221; header_font_size_tablet=&#8221;35px&#8221; header_font_size_phone=&#8221;32px&#8221; header_font_size_last_edited=&#8221;on|phone&#8221; global_colors_info=&#8221;{}&#8221;]<\/p>\n<h1>Image advice<\/h1>\n<p>[\/et_pb_text][et_pb_text _builder_version=&#8221;4.27.4&#8243; _module_preset=&#8221;default&#8221; text_orientation=&#8221;justified&#8221; width=&#8221;620px&#8221; max_width=&#8221;100%&#8221; module_alignment=&#8221;center&#8221; custom_margin=&#8221;0px||30px||false|false&#8221; custom_padding=&#8221;0px||0px||false|false&#8221; text_font_size_tablet=&#8221;17px&#8221; text_font_size_phone=&#8221;16px&#8221; text_font_size_last_edited=&#8221;on|desktop&#8221; global_colors_info=&#8221;{}&#8221;]<\/p>\n<p>Don&#8217;t hesitate to contact us for individual advice on your skin, acne problems, blotches, spots, pigmentation, weight or any other request. We also offer in-store and hairdressing support as required.<\/p>\n<p>[\/et_pb_text][et_pb_button button_url=&#8221;@ET-DC@eyJkeW5hbWljIjp0cnVlLCJjb250ZW50IjoicG9zdF9saW5rX3VybF9wYWdlIiwic2V0dGluZ3MiOnsicG9zdF9pZCI6IjYwIn19@&#8221; button_text=&#8221;Contact us&#8221; button_alignment=&#8221;center&#8221; _builder_version=&#8221;4.27.4&#8243; _dynamic_attributes=&#8221;button_url&#8221; _module_preset=&#8221;default&#8221; global_colors_info=&#8221;{}&#8221;][\/et_pb_button][\/et_pb_column][\/et_pb_row][\/et_pb_section][et_pb_section fb_built=&#8221;1&#8243; custom_padding_last_edited=&#8221;on|desktop&#8221; disabled_on=&#8221;on|on|on&#8221; _builder_version=&#8221;4.23&#8243; _module_preset=&#8221;default&#8221; custom_margin=&#8221;0px||0px||false|false&#8221; custom_padding=&#8221;0px|20px|40px|20px|false|true&#8221; custom_padding_tablet=&#8221;|10px|60px|10px|false|true&#8221; custom_padding_phone=&#8221;|10px|60px|10px|false|true&#8221; disabled=&#8221;on&#8221; global_colors_info=&#8221;{}&#8221;][et_pb_row use_custom_gutter=&#8221;on&#8221; gutter_width=&#8221;2&#8243; _builder_version=&#8221;4.17.3&#8243; _module_preset=&#8221;default&#8221; max_width=&#8221;1320px&#8221; custom_margin=&#8221;0px||0px||false|false&#8221; custom_padding=&#8221;0px||0px||false|false&#8221; global_colors_info=&#8221;{}&#8221;][et_pb_column type=&#8221;4_4&#8243; _builder_version=&#8221;4.17.3&#8243; _module_preset=&#8221;default&#8221; global_colors_info=&#8221;{}&#8221;][et_pb_gallery gallery_ids=&#8221;267,257,249,150,117&#8243; posts_number=&#8221;1000&#8243; show_title_and_caption=&#8221;off&#8221; show_pagination=&#8221;off&#8221; zoom_icon_color=&#8221;#AF0917&#8243; hover_overlay_color=&#8221;rgba(255,255,255,0.84)&#8221; hover_icon=&#8221;&#x30;||divi||400&#8243; _builder_version=&#8221;4.17.3&#8243; _module_preset=&#8221;default&#8221; global_colors_info=&#8221;{}&#8221;][\/et_pb_gallery][\/et_pb_column][\/et_pb_row][\/et_pb_section]<\/p>\n","protected":false},"excerpt":{"rendered":"<p>Individual adviceImage adviceDon&#8217;t hesitate to contact us for individual advice on your skin, acne problems, blotches, spots, pigmentation, weight or any other request. We also offer in-store and hairdressing support as required.<\/p>\n","protected":false},"author":1,"featured_media":0,"parent":0,"menu_order":0,"comment_status":"closed","ping_status":"closed","template":"","meta":{"_et_pb_use_builder":"on","_et_pb_old_content":"[et_pb_section fb_built=\"1\" custom_padding_last_edited=\"on|phone\" admin_label=\"section\" module_class=\"slider-banniere-pages\" _builder_version=\"4.24.2\" background_image=\"https:\/\/lumiart.ch\/wp-content\/uploads\/2024\/02\/conseils.jpg\" custom_margin=\"0px||0px||false|false\" custom_padding=\"175px||175px||true|false\" custom_padding_tablet=\"125px||125px||true|false\" custom_padding_phone=\"75px||75px||true|false\" animation_style=\"fade\" animation_duration=\"600ms\" global_colors_info=\"{}\"][\/et_pb_section][et_pb_section fb_built=\"1\" custom_padding_last_edited=\"on|desktop\" module_class=\"illustration-femme\" _builder_version=\"4.27.3\" _module_preset=\"default\" custom_margin=\"0px||0px||false|false\" custom_padding=\"75px|40px|80px|40px|false|true\" custom_padding_tablet=\"55px|20px|60px|20px|false|true\" custom_padding_phone=\"|20px||20px|false|true\" hover_enabled=\"0\" global_colors_info=\"{}\" sticky_enabled=\"0\"][et_pb_row _builder_version=\"4.17.3\" _module_preset=\"default\" custom_margin=\"0px||0px||false|false\" custom_padding=\"0px||0px||false|false\" global_colors_info=\"{}\"][et_pb_column type=\"4_4\" _builder_version=\"4.17.3\" _module_preset=\"default\" global_colors_info=\"{}\"][et_pb_text _builder_version=\"4.27.3\" _module_preset=\"default\" text_text_color=\"#AF0917\" text_orientation=\"center\" custom_margin=\"0px||14px||false|false\" custom_padding=\"0px||0px||false|false\" hover_enabled=\"0\" global_colors_info=\"{}\" text_font_size_last_edited=\"on|desktop\" sticky_enabled=\"0\" text_font_size_tablet=\"17px\" text_font_size_phone=\"16px\"]\n\n<strong>Conseil individuel<\/strong>\n\n[\/et_pb_text][et_pb_text _builder_version=\"4.24.2\" _module_preset=\"default\" header_text_align=\"center\" header_font_size=\"38px\" header_2_text_align=\"center\" header_2_font_size=\"38px\" width=\"620px\" max_width=\"100%\" module_alignment=\"center\" custom_margin=\"0px||0px||false|false\" custom_padding=\"0px||0px||false|false\" header_font_size_tablet=\"35px\" header_font_size_phone=\"32px\" header_font_size_last_edited=\"on|phone\" global_colors_info=\"{}\"]\n<h1>Conseil en image<\/h1>\n[\/et_pb_text][et_pb_text _builder_version=\"4.27.3\" _module_preset=\"default\" text_orientation=\"justified\" width=\"620px\" max_width=\"100%\" module_alignment=\"center\" custom_margin=\"0px||30px||false|false\" custom_padding=\"0px||0px||false|false\" hover_enabled=\"0\" global_colors_info=\"{}\" text_font_size_last_edited=\"on|desktop\" sticky_enabled=\"0\" text_font_size_tablet=\"17px\" text_font_size_phone=\"16px\"]\n\nN'h\u00e9sitez pas \u00e0 prendre contact avec nous pour un conseil individuel concernant votre peau, probl\u00e8me d'acn\u00e9, couperose, t\u00e2ches, pigmentation, poids ou toute autre demande. Nous proposons \u00e9galement un accompagnement en boutique et chez le coiffeur selon les besoins.\n\n[\/et_pb_text][et_pb_button button_url=\"@ET-DC@eyJkeW5hbWljIjp0cnVlLCJjb250ZW50IjoicG9zdF9saW5rX3VybF9wYWdlIiwic2V0dGluZ3MiOnsicG9zdF9pZCI6IjYwIn19@\" button_text=\"Contactez-nous\" button_alignment=\"center\" _builder_version=\"4.17.3\" _dynamic_attributes=\"button_url\" _module_preset=\"default\" global_colors_info=\"{}\"][\/et_pb_button][\/et_pb_column][\/et_pb_row][\/et_pb_section][et_pb_section fb_built=\"1\" custom_padding_last_edited=\"on|desktop\" disabled_on=\"on|on|on\" _builder_version=\"4.23\" _module_preset=\"default\" custom_margin=\"0px||0px||false|false\" custom_padding=\"0px|20px|40px|20px|false|true\" custom_padding_tablet=\"|10px|60px|10px|false|true\" custom_padding_phone=\"|10px|60px|10px|false|true\" disabled=\"on\" global_colors_info=\"{}\"][et_pb_row use_custom_gutter=\"on\" gutter_width=\"2\" _builder_version=\"4.17.3\" _module_preset=\"default\" max_width=\"1320px\" custom_margin=\"0px||0px||false|false\" custom_padding=\"0px||0px||false|false\" global_colors_info=\"{}\"][et_pb_column type=\"4_4\" _builder_version=\"4.17.3\" _module_preset=\"default\" global_colors_info=\"{}\"][et_pb_gallery gallery_ids=\"266,256,248,149,116\" posts_number=\"1000\" show_title_and_caption=\"off\" show_pagination=\"off\" zoom_icon_color=\"#AF0917\" hover_overlay_color=\"rgba(255,255,255,0.84)\" hover_icon=\"&#x30;||divi||400\" _builder_version=\"4.17.3\" _module_preset=\"default\" global_colors_info=\"{}\"][\/et_pb_gallery][\/et_pb_column][\/et_pb_row][\/et_pb_section]","_et_gb_content_width":"","footnotes":""},"class_list":["post-1129","page","type-page","status-publish","hentry"],"_links":{"self":[{"href":"https:\/\/lumiart.ch\/en\/wp-json\/wp\/v2\/pages\/1129","targetHints":{"allow":["GET"]}}],"collection":[{"href":"https:\/\/lumiart.ch\/en\/wp-json\/wp\/v2\/pages"}],"about":[{"href":"https:\/\/lumiart.ch\/en\/wp-json\/wp\/v2\/types\/page"}],"author":[{"embeddable":true,"href":"https:\/\/lumiart.ch\/en\/wp-json\/wp\/v2\/users\/1"}],"replies":[{"embeddable":true,"href":"https:\/\/lumiart.ch\/en\/wp-json\/wp\/v2\/comments?post=1129"}],"version-history":[{"count":16,"href":"https:\/\/lumiart.ch\/en\/wp-json\/wp\/v2\/pages\/1129\/revisions"}],"predecessor-version":[{"id":1158,"href":"https:\/\/lumiart.ch\/en\/wp-json\/wp\/v2\/pages\/1129\/revisions\/1158"}],"wp:attachment":[{"href":"https:\/\/lumiart.ch\/en\/wp-json\/wp\/v2\/media?parent=1129"}],"curies":[{"name":"wp","href":"https:\/\/api.w.org\/{rel}","templated":true}]}}