{"id":1189,"date":"2024-02-28T15:15:46","date_gmt":"2024-02-28T14:15:46","guid":{"rendered":"https:\/\/lumiart.ch\/?page_id=1189"},"modified":"2025-06-02T13:50:02","modified_gmt":"2025-06-02T11:50:02","slug":"epilation","status":"publish","type":"page","link":"https:\/\/lumiart.ch\/en\/epilation\/","title":{"rendered":"Epilation"},"content":{"rendered":"<p>[et_pb_section fb_built=&#8221;1&#8243; custom_padding_last_edited=&#8221;on|phone&#8221; admin_label=&#8221;section&#8221; module_class=&#8221;slider-banniere-pages&#8221; _builder_version=&#8221;4.27.2&#8243; background_image=&#8221;https:\/\/lumiart.ch\/wp-content\/uploads\/2024\/10\/skin.jpg&#8221; custom_margin=&#8221;0px||0px||false|false&#8221; custom_padding=&#8221;175px||175px||true|false&#8221; custom_padding_tablet=&#8221;125px||125px||true|false&#8221; custom_padding_phone=&#8221;75px||75px||true|false&#8221; animation_style=&#8221;fade&#8221; animation_duration=&#8221;600ms&#8221; global_colors_info=&#8221;{}&#8221;][\/et_pb_section][et_pb_section fb_built=&#8221;1&#8243; custom_padding_last_edited=&#8221;on|desktop&#8221; module_class=&#8221;illustration-femme&#8221; _builder_version=&#8221;4.27.3&#8243; _module_preset=&#8221;default&#8221; custom_margin=&#8221;0px||0px||false|false&#8221; custom_padding=&#8221;75px|40px|80px|40px|false|true&#8221; custom_padding_tablet=&#8221;55px|20px|60px|20px|false|true&#8221; custom_padding_phone=&#8221;|20px||20px|false|true&#8221; global_colors_info=&#8221;{}&#8221;][et_pb_row _builder_version=&#8221;4.17.3&#8243; _module_preset=&#8221;default&#8221; custom_margin=&#8221;0px||0px||false|false&#8221; custom_padding=&#8221;0px||0px||false|false&#8221; global_colors_info=&#8221;{}&#8221;][et_pb_column type=&#8221;4_4&#8243; _builder_version=&#8221;4.17.3&#8243; _module_preset=&#8221;default&#8221; global_colors_info=&#8221;{}&#8221;][et_pb_text _builder_version=&#8221;4.27.4&#8243; _module_preset=&#8221;default&#8221; text_text_color=&#8221;#AF0917&#8243; text_orientation=&#8221;center&#8221; custom_margin=&#8221;0px||14px||false|false&#8221; custom_padding=&#8221;0px||0px||false|false&#8221; hover_enabled=&#8221;0&#8243; text_font_size_tablet=&#8221;17px&#8221; text_font_size_phone=&#8221;16px&#8221; text_font_size_last_edited=&#8221;on|desktop&#8221; global_colors_info=&#8221;{}&#8221; sticky_enabled=&#8221;0&#8243;]<\/p>\n<p><strong>Epilation for men and women<\/strong><\/p>\n<p>[\/et_pb_text][et_pb_text _builder_version=&#8221;4.27.4&#8243; _module_preset=&#8221;default&#8221; header_text_align=&#8221;center&#8221; header_font_size=&#8221;38px&#8221; header_2_text_align=&#8221;center&#8221; header_2_font_size=&#8221;38px&#8221; width=&#8221;620px&#8221; max_width=&#8221;100%&#8221; module_alignment=&#8221;center&#8221; custom_margin=&#8221;0px||0px||false|false&#8221; custom_padding=&#8221;0px||0px||false|false&#8221; header_font_size_tablet=&#8221;35px&#8221; header_font_size_phone=&#8221;32px&#8221; header_font_size_last_edited=&#8221;on|phone&#8221; global_colors_info=&#8221;{}&#8221;]<\/p>\n<h1>Epilation<\/h1>\n<p>[\/et_pb_text][et_pb_text _builder_version=&#8221;4.27.4&#8243; _module_preset=&#8221;default&#8221; text_orientation=&#8221;justified&#8221; width=&#8221;620px&#8221; max_width=&#8221;100%&#8221; module_alignment=&#8221;center&#8221; custom_margin=&#8221;0px||30px||false|false&#8221; custom_padding=&#8221;0px||0px||false|false&#8221; text_font_size_tablet=&#8221;17px&#8221; text_font_size_phone=&#8221;16px&#8221; text_font_size_last_edited=&#8221;on|desktop&#8221; global_colors_info=&#8221;{}&#8221;]<\/p>\n<p>For over 135 years, electrolysis has been the <strong>only hair removal method recognized as 100% permanent<\/strong>, for all hair and skin types. Other methods, such as laser, offer hair reduction and cannot be used on certain skin tones, hair types and facial areas. By inserting a small filament into the hair follicle and applying an ultra-fast current, electrolysis completely and permanently destroys the cells responsible for hair growth, while protecting the skin surface. It&#8217;s an effective, comfortable and safe technique for everyone!<\/p>\n<p><span style=\"color: #af0917;\"><strong>Standard epilation<\/strong><\/span><\/p>\n<p>Rates:<\/p>\n<ul>\n<li><span><span style=\"color: #af0917;\">Eyebrow waxing<\/span> |<\/span><span>\u00a0<em>CHF 30.\u2013 to CHF 40.\u2013<\/em><\/span><\/li>\n<li><span><span style=\"color: #af0917;\">Facial waxing<\/span> |<\/span><em><span>\u00a0<\/span>CHF 40.\u2013 to CHF 60.\u2013<\/em><\/li>\n<\/ul>\n<p>[\/et_pb_text][et_pb_button button_url=&#8221;https:\/\/lumiart.ch\/wp-content\/uploads\/2024\/10\/Apilus_xCell_Pur_Flyer.pdf&#8221; url_new_window=&#8221;on&#8221; button_text=&#8221;Apilus xCell Pur (PDF)&#8221; button_alignment=&#8221;center&#8221; module_class=&#8221;apilus&#8221; _builder_version=&#8221;4.27.3&#8243; _module_preset=&#8221;default&#8221; custom_margin=&#8221;0px||20px||false|false&#8221; global_colors_info=&#8221;{}&#8221;][\/et_pb_button][et_pb_button button_url=&#8221;@ET-DC@eyJkeW5hbWljIjp0cnVlLCJjb250ZW50IjoicG9zdF9saW5rX3VybF9wYWdlIiwic2V0dGluZ3MiOnsicG9zdF9pZCI6IjYwIn19@&#8221; button_text=&#8221;Contact us&#8221; button_alignment=&#8221;center&#8221; _builder_version=&#8221;4.27.4&#8243; _dynamic_attributes=&#8221;button_url&#8221; _module_preset=&#8221;default&#8221; custom_margin=&#8221;0px||0px||false|false&#8221; global_colors_info=&#8221;{}&#8221;][\/et_pb_button][\/et_pb_column][\/et_pb_row][\/et_pb_section][et_pb_section fb_built=&#8221;1&#8243; custom_padding_last_edited=&#8221;on|desktop&#8221; disabled_on=&#8221;on|on|on&#8221; _builder_version=&#8221;4.23&#8243; _module_preset=&#8221;default&#8221; custom_margin=&#8221;0px||0px||false|false&#8221; custom_padding=&#8221;0px|20px|40px|20px|false|true&#8221; custom_padding_tablet=&#8221;|10px|60px|10px|false|true&#8221; custom_padding_phone=&#8221;|10px|60px|10px|false|true&#8221; disabled=&#8221;on&#8221; global_colors_info=&#8221;{}&#8221;][et_pb_row use_custom_gutter=&#8221;on&#8221; gutter_width=&#8221;2&#8243; disabled_on=&#8221;on|on|on&#8221; _builder_version=&#8221;4.20.4&#8243; _module_preset=&#8221;default&#8221; max_width=&#8221;1320px&#8221; custom_margin=&#8221;0px||0px||false|false&#8221; custom_padding=&#8221;0px||0px||false|false&#8221; disabled=&#8221;on&#8221; global_colors_info=&#8221;{}&#8221;][et_pb_column type=&#8221;4_4&#8243; _builder_version=&#8221;4.17.3&#8243; _module_preset=&#8221;default&#8221; global_colors_info=&#8221;{}&#8221;][et_pb_gallery gallery_ids=&#8221;267,257,249,150,117&#8243; posts_number=&#8221;1000&#8243; show_title_and_caption=&#8221;off&#8221; show_pagination=&#8221;off&#8221; zoom_icon_color=&#8221;#AF0917&#8243; hover_overlay_color=&#8221;rgba(255,255,255,0.84)&#8221; hover_icon=&#8221;&#x30;||divi||400&#8243; _builder_version=&#8221;4.17.3&#8243; _module_preset=&#8221;default&#8221; global_colors_info=&#8221;{}&#8221;][\/et_pb_gallery][\/et_pb_column][\/et_pb_row][\/et_pb_section]<\/p>\n","protected":false},"excerpt":{"rendered":"<p>Epilation for men and womenEpilationFor over 135 years, electrolysis has been the only hair removal method recognized as 100% permanent, for all hair and skin types. Other methods, such as laser, offer hair reduction and cannot be used on certain skin tones, hair types and facial areas. By inserting a small filament into the hair [&hellip;]<\/p>\n","protected":false},"author":1,"featured_media":0,"parent":0,"menu_order":0,"comment_status":"closed","ping_status":"closed","template":"","meta":{"_et_pb_use_builder":"on","_et_pb_old_content":"[et_pb_section fb_built=\"1\" custom_padding_last_edited=\"on|phone\" admin_label=\"section\" module_class=\"slider-banniere-pages\" _builder_version=\"4.27.2\" background_image=\"https:\/\/lumiart.ch\/wp-content\/uploads\/2024\/10\/skin.jpg\" custom_margin=\"0px||0px||false|false\" custom_padding=\"175px||175px||true|false\" custom_padding_tablet=\"125px||125px||true|false\" custom_padding_phone=\"75px||75px||true|false\" animation_style=\"fade\" animation_duration=\"600ms\" global_colors_info=\"{}\"][\/et_pb_section][et_pb_section fb_built=\"1\" custom_padding_last_edited=\"on|desktop\" module_class=\"illustration-femme\" _builder_version=\"4.27.3\" _module_preset=\"default\" custom_margin=\"0px||0px||false|false\" custom_padding=\"75px|40px|80px|40px|false|true\" custom_padding_tablet=\"55px|20px|60px|20px|false|true\" custom_padding_phone=\"|20px||20px|false|true\" global_colors_info=\"{}\"][et_pb_row _builder_version=\"4.17.3\" _module_preset=\"default\" custom_margin=\"0px||0px||false|false\" custom_padding=\"0px||0px||false|false\" global_colors_info=\"{}\"][et_pb_column type=\"4_4\" _builder_version=\"4.17.3\" _module_preset=\"default\" global_colors_info=\"{}\"][et_pb_text _builder_version=\"4.27.3\" _module_preset=\"default\" text_text_color=\"#AF0917\" text_orientation=\"center\" custom_margin=\"0px||14px||false|false\" custom_padding=\"0px||0px||false|false\" text_font_size_tablet=\"17px\" text_font_size_phone=\"16px\" text_font_size_last_edited=\"on|desktop\" global_colors_info=\"{}\"]\n\n<strong>Traitement \u00e9pilation d\u00e9finitive Apilus<\/strong>\n\n[\/et_pb_text][et_pb_text _builder_version=\"4.27.3\" _module_preset=\"default\" header_text_align=\"center\" header_font_size=\"38px\" header_2_text_align=\"center\" header_2_font_size=\"38px\" width=\"620px\" max_width=\"100%\" module_alignment=\"center\" custom_margin=\"0px||0px||false|false\" custom_padding=\"0px||0px||false|false\" hover_enabled=\"0\" header_font_size_tablet=\"35px\" header_font_size_phone=\"32px\" header_font_size_last_edited=\"on|phone\" global_colors_info=\"{}\" sticky_enabled=\"0\"]\n<h1>\u00c9pilation 100 % d\u00e9finitive<\/h1>\n[\/et_pb_text][et_pb_text _builder_version=\"4.27.3\" _module_preset=\"default\" text_orientation=\"justified\" width=\"620px\" max_width=\"100%\" module_alignment=\"center\" custom_margin=\"0px||30px||false|false\" custom_padding=\"0px||0px||false|false\" hover_enabled=\"0\" text_font_size_tablet=\"17px\" text_font_size_phone=\"16px\" text_font_size_last_edited=\"on|desktop\" global_colors_info=\"{}\" sticky_enabled=\"0\"]\n\nDepuis plus de 135 ans, l\u2019\u00e9lectrolyse est la <strong>seule m\u00e9thode d\u2019\u00e9pilation reconnue comme \u00e9tant 100 % d\u00e9finitive<\/strong>, et ce, pour tous les types de poils et de peaux. D\u2019autres m\u00e9thodes, tel le laser, offrent plut\u00f4t une r\u00e9duction de la pilosit\u00e9 et ne peuvent pas \u00eatre utilis\u00e9es sur certaines couleurs de peaux, de poils et r\u00e9gions du visage. Gr\u00e2ce \u00e0 l\u2019insertion d\u2019un petit filament dans le follicule pileux et l\u2019application d\u2019un courant ultrarapide, l\u2019\u00e9lectrolyse permet une destruction compl\u00e8te et permanente des cellules responsables de la pousse du poil, tout en prot\u00e9geant la surface cutan\u00e9e. C\u2019est une technique efficace, tr\u00e8s confortable et s\u00e9curitaire pour tous !\n\n[\/et_pb_text][et_pb_button button_url=\"https:\/\/lumiart.ch\/wp-content\/uploads\/2024\/10\/Apilus_xCell_Pur_Flyer.pdf\" button_text=\"Apilus xCell Pur (PDF)\" button_alignment=\"center\" _builder_version=\"4.27.3\" _module_preset=\"default\" hover_enabled=\"0\" global_colors_info=\"{}\" sticky_enabled=\"0\" custom_margin=\"0px||20px||false|false\" module_class=\"apilus\" url_new_window=\"on\"][\/et_pb_button][et_pb_button button_url=\"@ET-DC@eyJkeW5hbWljIjp0cnVlLCJjb250ZW50IjoicG9zdF9saW5rX3VybF9wYWdlIiwic2V0dGluZ3MiOnsicG9zdF9pZCI6IjYwIn19@\" button_text=\"Contactez-nous\" button_alignment=\"center\" _builder_version=\"4.27.3\" _dynamic_attributes=\"button_url\" _module_preset=\"default\" hover_enabled=\"0\" global_colors_info=\"{}\" custom_margin=\"0px||0px||false|false\" sticky_enabled=\"0\"][\/et_pb_button][\/et_pb_column][\/et_pb_row][\/et_pb_section][et_pb_section fb_built=\"1\" custom_padding_last_edited=\"on|desktop\" disabled_on=\"on|on|on\" _builder_version=\"4.23\" _module_preset=\"default\" custom_margin=\"0px||0px||false|false\" custom_padding=\"0px|20px|40px|20px|false|true\" custom_padding_tablet=\"|10px|60px|10px|false|true\" custom_padding_phone=\"|10px|60px|10px|false|true\" disabled=\"on\" global_colors_info=\"{}\"][et_pb_row use_custom_gutter=\"on\" gutter_width=\"2\" disabled_on=\"on|on|on\" _builder_version=\"4.20.4\" _module_preset=\"default\" max_width=\"1320px\" custom_margin=\"0px||0px||false|false\" custom_padding=\"0px||0px||false|false\" disabled=\"on\" global_colors_info=\"{}\"][et_pb_column type=\"4_4\" _builder_version=\"4.17.3\" _module_preset=\"default\" global_colors_info=\"{}\"][et_pb_gallery gallery_ids=\"266,256,248,149,116\" posts_number=\"1000\" show_title_and_caption=\"off\" show_pagination=\"off\" zoom_icon_color=\"#AF0917\" hover_overlay_color=\"rgba(255,255,255,0.84)\" hover_icon=\"&#x30;||divi||400\" _builder_version=\"4.17.3\" _module_preset=\"default\" global_colors_info=\"{}\"][\/et_pb_gallery][\/et_pb_column][\/et_pb_row][\/et_pb_section]","_et_gb_content_width":"","footnotes":""},"class_list":["post-1189","page","type-page","status-publish","hentry"],"_links":{"self":[{"href":"https:\/\/lumiart.ch\/en\/wp-json\/wp\/v2\/pages\/1189","targetHints":{"allow":["GET"]}}],"collection":[{"href":"https:\/\/lumiart.ch\/en\/wp-json\/wp\/v2\/pages"}],"about":[{"href":"https:\/\/lumiart.ch\/en\/wp-json\/wp\/v2\/types\/page"}],"author":[{"embeddable":true,"href":"https:\/\/lumiart.ch\/en\/wp-json\/wp\/v2\/users\/1"}],"replies":[{"embeddable":true,"href":"https:\/\/lumiart.ch\/en\/wp-json\/wp\/v2\/comments?post=1189"}],"version-history":[{"count":16,"href":"https:\/\/lumiart.ch\/en\/wp-json\/wp\/v2\/pages\/1189\/revisions"}],"predecessor-version":[{"id":1693,"href":"https:\/\/lumiart.ch\/en\/wp-json\/wp\/v2\/pages\/1189\/revisions\/1693"}],"wp:attachment":[{"href":"https:\/\/lumiart.ch\/en\/wp-json\/wp\/v2\/media?parent=1189"}],"curies":[{"name":"wp","href":"https:\/\/api.w.org\/{rel}","templated":true}]}}