{"id":1213,"date":"2022-03-07T12:35:23","date_gmt":"2022-03-07T11:35:23","guid":{"rendered":"https:\/\/lumiart.ch\/?page_id=1213"},"modified":"2025-03-19T11:06:31","modified_gmt":"2025-03-19T10:06:31","slug":"institute","status":"publish","type":"page","link":"https:\/\/lumiart.ch\/en\/institute\/","title":{"rendered":"Institute"},"content":{"rendered":"<p>[et_pb_section fb_built=&#8221;1&#8243; custom_padding_last_edited=&#8221;on|desktop&#8221; _builder_version=&#8221;4.27.3&#8243; _module_preset=&#8221;default&#8221; background_image=&#8221;https:\/\/lumiart.ch\/wp-content\/uploads\/2022\/03\/gruyere-62177-bulle-marche-folklorique_3000-scaled-1.jpg&#8221; custom_margin=&#8221;0px||0px||false|false&#8221; custom_padding=&#8221;175px|40px|175px|40px|true|true&#8221; custom_padding_tablet=&#8221;125px|20px|125px|20px|true|true&#8221; custom_padding_phone=&#8221;75px|20px|75px|20px|true|true&#8221; global_colors_info=&#8221;{}&#8221;][\/et_pb_section][et_pb_section fb_built=&#8221;1&#8243; custom_padding_last_edited=&#8221;on|desktop&#8221; module_class=&#8221;section_colonnes illustration-femme&#8221; _builder_version=&#8221;4.27.3&#8243; _module_preset=&#8221;default&#8221; background_enable_color=&#8221;off&#8221; custom_margin=&#8221;0px||0px||false|false&#8221; custom_padding=&#8221;80px|40px|60px|40px|false|true&#8221; custom_padding_tablet=&#8221;55px|20px|40px|20px|false|true&#8221; custom_padding_phone=&#8221;|20px||20px|false|true&#8221; global_colors_info=&#8221;{}&#8221;][et_pb_row column_structure=&#8221;1_2,1_2&#8243; use_custom_gutter=&#8221;on&#8221; gutter_width=&#8221;2&#8243; _builder_version=&#8221;4.17.3&#8243; _module_preset=&#8221;default&#8221; custom_margin=&#8221;0px||0px||false|false&#8221; custom_padding=&#8221;0px||0px||false|false&#8221; global_colors_info=&#8221;{}&#8221;][et_pb_column type=&#8221;1_2&#8243; _builder_version=&#8221;4.17.3&#8243; _module_preset=&#8221;default&#8221; global_colors_info=&#8221;{}&#8221;][et_pb_text _builder_version=&#8221;4.27.3&#8243; _module_preset=&#8221;default&#8221; text_text_color=&#8221;#AF0917&#8243; text_orientation=&#8221;center&#8221; custom_margin=&#8221;0px||14px||false|false&#8221; custom_padding=&#8221;0px||0px||false|false&#8221; text_font_size_tablet=&#8221;17px&#8221; text_font_size_phone=&#8221;16px&#8221; text_font_size_last_edited=&#8221;on|desktop&#8221; global_colors_info=&#8221;{}&#8221;]<strong>Marie-Luz Garcia<\/strong>[\/et_pb_text][et_pb_text _builder_version=&#8221;4.27.4&#8243; _module_preset=&#8221;default&#8221; header_text_align=&#8221;center&#8221; header_font_size=&#8221;38px&#8221; header_2_text_align=&#8221;center&#8221; header_2_font_size=&#8221;38px&#8221; text_orientation=&#8221;center&#8221; width=&#8221;620px&#8221; width_tablet=&#8221;620px&#8221; width_phone=&#8221;620px&#8221; width_last_edited=&#8221;on|tablet&#8221; max_width=&#8221;100%&#8221; module_alignment=&#8221;center&#8221; custom_margin=&#8221;0px||30px||false|false&#8221; custom_padding=&#8221;0px||0px||false|false&#8221; hover_enabled=&#8221;0&#8243; text_font_size_tablet=&#8221;17px&#8221; text_font_size_phone=&#8221;16px&#8221; text_font_size_last_edited=&#8221;on|desktop&#8221; header_font_size_tablet=&#8221;35px&#8221; header_font_size_phone=&#8221;32px&#8221; header_font_size_last_edited=&#8221;on|desktop&#8221; global_colors_info=&#8221;{}&#8221; sticky_enabled=&#8221;0&#8243;]<\/p>\n<h1>Lumi&#8217;ART beauty salon in Bulle<\/h1>\n<p>Lumi&#8217;Art is renowned for its warm welcome and professionalism. <strong>Confidentiality<\/strong>, <strong>discretion<\/strong> and <strong>quality<\/strong> are the golden rules of this beauty and make-up salon created by Marie-Luz Garcia.<\/p>\n<p>Dynamic, she offers her customers a warm, competent welcome and high-quality products and services.<\/p>\n<p>Marie-Luz Garcia, creator of the Institut Lumi&#8217;ART, was born in La Tour-de-Tr\u00eame, Gruy\u00e8re. Pursuing her studies in the region, she <strong>specialized in pharmacy, aesthetics and make-up<\/strong>. For the past 26 years, she has worked for various operas and theatrical productions in the region, as well as for special events.<\/p>\n<p>[\/et_pb_text][et_pb_button button_url=&#8221;@ET-DC@eyJkeW5hbWljIjp0cnVlLCJjb250ZW50IjoicG9zdF9saW5rX3VybF9wYWdlIiwic2V0dGluZ3MiOnsicG9zdF9pZCI6IjYwIn19@&#8221; button_text=&#8221;Contact us&#8221; button_alignment=&#8221;center&#8221; _builder_version=&#8221;4.27.4&#8243; _dynamic_attributes=&#8221;button_url&#8221; _module_preset=&#8221;default&#8221; custom_margin=&#8221;0px||0px||false|false&#8221; custom_margin_tablet=&#8221;||20px||false|false&#8221; custom_margin_phone=&#8221;||20px||false|false&#8221; custom_margin_last_edited=&#8221;on|phone&#8221; global_colors_info=&#8221;{}&#8221;][\/et_pb_button][\/et_pb_column][et_pb_column type=&#8221;1_2&#8243; _builder_version=&#8221;4.17.3&#8243; _module_preset=&#8221;default&#8221; global_colors_info=&#8221;{}&#8221;][et_pb_image src=&#8221;https:\/\/lumiart.ch\/wp-content\/uploads\/2023\/07\/marie-luz-garcia.jpg&#8221; title_text=&#8221;marie-luz-garcia&#8221; _builder_version=&#8221;4.27.3&#8243; _module_preset=&#8221;default&#8221; width=&#8221;620px&#8221; width_tablet=&#8221;620px&#8221; width_phone=&#8221;620px&#8221; width_last_edited=&#8221;on|desktop&#8221; max_width=&#8221;100%&#8221; module_alignment=&#8221;center&#8221; custom_margin=&#8221;0px||0px||false|false&#8221; custom_padding=&#8221;0px||0px||false|false&#8221; global_colors_info=&#8221;{}&#8221;][\/et_pb_image][\/et_pb_column][\/et_pb_row][\/et_pb_section][et_pb_section fb_built=&#8221;1&#8243; custom_padding_last_edited=&#8221;on|desktop&#8221; _builder_version=&#8221;4.27.3&#8243; _module_preset=&#8221;default&#8221; custom_margin=&#8221;0px||0px||false|false&#8221; custom_padding=&#8221;55px|40px|75px|40px|false|true&#8221; custom_padding_tablet=&#8221;35px|20px|55px|20px|false|true&#8221; custom_padding_phone=&#8221;|20px||20px|false|true&#8221; global_colors_info=&#8221;{}&#8221;][et_pb_row _builder_version=&#8221;4.17.3&#8243; _module_preset=&#8221;default&#8221; custom_margin=&#8221;0px||0px||false|false&#8221; custom_padding=&#8221;0px||0px||false|false&#8221; global_colors_info=&#8221;{}&#8221;][et_pb_column type=&#8221;4_4&#8243; _builder_version=&#8221;4.17.3&#8243; _module_preset=&#8221;default&#8221; global_colors_info=&#8221;{}&#8221;][et_pb_text _builder_version=&#8221;4.27.4&#8243; _module_preset=&#8221;default&#8221; text_text_color=&#8221;#AF0917&#8243; text_orientation=&#8221;center&#8221; custom_margin=&#8221;0px||14px||false|false&#8221; custom_padding=&#8221;0px||0px||false|false&#8221; text_font_size_tablet=&#8221;17px&#8221; text_font_size_phone=&#8221;16px&#8221; text_font_size_last_edited=&#8221;on|desktop&#8221; global_colors_info=&#8221;{}&#8221;]<\/p>\n<p><strong>The services we offer<\/strong><\/p>\n<p>[\/et_pb_text][et_pb_text _builder_version=&#8221;4.27.4&#8243; _module_preset=&#8221;default&#8221; header_text_align=&#8221;center&#8221; header_font_size=&#8221;38px&#8221; header_2_text_align=&#8221;center&#8221; header_2_font_size=&#8221;38px&#8221; width=&#8221;620px&#8221; max_width=&#8221;100%&#8221; module_alignment=&#8221;center&#8221; custom_margin=&#8221;0px||0px||false|false&#8221; custom_padding=&#8221;0px||0px||false|false&#8221; header_2_font_size_tablet=&#8221;35px&#8221; header_2_font_size_phone=&#8221;32px&#8221; header_2_font_size_last_edited=&#8221;on|desktop&#8221; global_colors_info=&#8221;{}&#8221;]<\/p>\n<h2>What our beauty salon has to offer<\/h2>\n<p>[\/et_pb_text][et_pb_text _builder_version=&#8221;4.27.4&#8243; _module_preset=&#8221;default&#8221; text_orientation=&#8221;justified&#8221; width=&#8221;620px&#8221; max_width=&#8221;100%&#8221; module_alignment=&#8221;center&#8221; custom_margin=&#8221;0px||0px||false|false&#8221; custom_padding=&#8221;0px||0px||false|false&#8221; text_font_size_tablet=&#8221;17px&#8221; text_font_size_phone=&#8221;16px&#8221; text_font_size_last_edited=&#8221;on|desktop&#8221; global_colors_info=&#8221;{}&#8221;]<\/p>\n<p>Aesthetics professional Marie-Luz Garcia offers a range of treatments for men and women. Come and discover her prestige ranges, Cellcosmet\/Cellmen and Alpeor, exclusive to Bulle and the canton of Fribourg. Lumi&#8217;Art also offers you its new solarium with special lamps that activate collagen in the cells, unique in French-speaking Switzerland.<\/p>\n<p>Whether it&#8217;s for your wedding, an important evening event or a special day, don&#8217;t hesitate to call on Marie-Luz Garcia for your make-up needs. She also creates airbrush and theatrical make-up for a variety of occasions. Lumi&#8217;Art also offers make-up courses and personalized advice, as well as permanent make-up and false eyelashes.<\/p>\n<p>In addition to beauty treatments, Lumi&#8217;Art offers individual advice on Bach flower therapy, as well as sports, relaxation and essential oil massages and image advice.<\/p>\n<p>Lumi&#8217;Art welcomes you in a friendly space for a moment of relaxation and well-being at Rue de Vevey in Bulle.<\/p>\n<p>[\/et_pb_text][\/et_pb_column][\/et_pb_row][\/et_pb_section]<\/p>\n","protected":false},"excerpt":{"rendered":"<p>Marie-Luz GarciaLumi&#8217;ART beauty salon in Bulle Lumi&#8217;Art is renowned for its warm welcome and professionalism. Confidentiality, discretion and quality are the golden rules of this beauty and make-up salon created by Marie-Luz Garcia. Dynamic, she offers her customers a warm, competent welcome and high-quality products and services. Marie-Luz Garcia, creator of the Institut Lumi&#8217;ART, was [&hellip;]<\/p>\n","protected":false},"author":1,"featured_media":0,"parent":0,"menu_order":0,"comment_status":"closed","ping_status":"closed","template":"","meta":{"_et_pb_use_builder":"on","_et_pb_old_content":"[et_pb_section fb_built=\"1\" custom_padding_last_edited=\"on|desktop\" _builder_version=\"4.27.3\" _module_preset=\"default\" background_image=\"https:\/\/lumiart.ch\/wp-content\/uploads\/2022\/03\/gruyere-62177-bulle-marche-folklorique_3000-scaled-1.jpg\" custom_margin=\"0px||0px||false|false\" custom_padding=\"175px|40px|175px|40px|true|true\" custom_padding_tablet=\"125px|20px|125px|20px|true|true\" custom_padding_phone=\"75px|20px|75px|20px|true|true\" global_colors_info=\"{}\"][\/et_pb_section][et_pb_section fb_built=\"1\" custom_padding_last_edited=\"on|desktop\" module_class=\"section_colonnes illustration-femme\" _builder_version=\"4.27.3\" _module_preset=\"default\" background_enable_color=\"off\" custom_margin=\"0px||0px||false|false\" custom_padding=\"80px|40px|60px|40px|false|true\" custom_padding_tablet=\"55px|20px|40px|20px|false|true\" custom_padding_phone=\"|20px||20px|false|true\" global_colors_info=\"{}\"][et_pb_row column_structure=\"1_2,1_2\" use_custom_gutter=\"on\" gutter_width=\"2\" _builder_version=\"4.17.3\" _module_preset=\"default\" custom_margin=\"0px||0px||false|false\" custom_padding=\"0px||0px||false|false\" global_colors_info=\"{}\"][et_pb_column type=\"1_2\" _builder_version=\"4.17.3\" _module_preset=\"default\" global_colors_info=\"{}\"][et_pb_text _builder_version=\"4.27.3\" _module_preset=\"default\" text_text_color=\"#AF0917\" text_orientation=\"center\" custom_margin=\"0px||14px||false|false\" custom_padding=\"0px||0px||false|false\" text_font_size_tablet=\"17px\" text_font_size_phone=\"16px\" text_font_size_last_edited=\"on|desktop\" global_colors_info=\"{}\"]\n\n<strong>Marie-Luz Garcia<\/strong>\n\n[\/et_pb_text][et_pb_text _builder_version=\"4.27.3\" _module_preset=\"default\" header_text_align=\"center\" header_font_size=\"38px\" header_2_text_align=\"center\" header_2_font_size=\"38px\" text_orientation=\"center\" width=\"620px\" width_tablet=\"620px\" width_phone=\"620px\" width_last_edited=\"on|tablet\" max_width=\"100%\" module_alignment=\"center\" custom_margin=\"0px||30px||false|false\" custom_padding=\"0px||0px||false|false\" text_font_size_tablet=\"17px\" text_font_size_phone=\"16px\" text_font_size_last_edited=\"on|desktop\" header_font_size_tablet=\"35px\" header_font_size_phone=\"32px\" header_font_size_last_edited=\"on|desktop\" global_colors_info=\"{}\"]\n<h1>L'institut d'esth\u00e9tique Lumi'ART \u00e0 Bulle<\/h1>\nLumi\u2019Art est renomm\u00e9 pour son accueil et son professionnalisme. <strong>Confidentialit\u00e9<\/strong>, <strong>discr\u00e9tion<\/strong> et <strong>qualit\u00e9<\/strong> sont les r\u00e8gles d\u2019Or de cet institut d\u2019esth\u00e9tique et de maquillage cr\u00e9e par Marie-Luz Garcia.\n\nDynamique, Marie-Luz r\u00e9serve \u00e0 sa client\u00e8le une comp\u00e9tence et un accueil privil\u00e9gi\u00e9 et leur propose des produits et des prestations de qualit\u00e9.\n\n[\/et_pb_text][et_pb_button button_url=\"@ET-DC@eyJkeW5hbWljIjp0cnVlLCJjb250ZW50IjoicG9zdF9saW5rX3VybF9wYWdlIiwic2V0dGluZ3MiOnsicG9zdF9pZCI6IjYwIn19@\" button_text=\"Contactez-nous\" button_alignment=\"center\" _builder_version=\"4.27.3\" _dynamic_attributes=\"button_url\" _module_preset=\"default\" hover_enabled=\"0\" global_colors_info=\"{}\" custom_margin=\"0px||0px||false|false\" custom_margin_last_edited=\"on|phone\" sticky_enabled=\"0\" custom_margin_tablet=\"||20px||false|false\" custom_margin_phone=\"||20px||false|false\"][\/et_pb_button][\/et_pb_column][et_pb_column type=\"1_2\" _builder_version=\"4.17.3\" _module_preset=\"default\" global_colors_info=\"{}\"][et_pb_image src=\"https:\/\/lumiart.ch\/wp-content\/uploads\/2023\/07\/marie-luz-garcia.jpg\" title_text=\"marie-luz-garcia\" _builder_version=\"4.27.3\" _module_preset=\"default\" width=\"620px\" width_tablet=\"620px\" width_phone=\"620px\" width_last_edited=\"on|desktop\" max_width=\"100%\" module_alignment=\"center\" custom_margin=\"0px||0px||false|false\" custom_padding=\"0px||0px||false|false\" global_colors_info=\"{}\"][\/et_pb_image][\/et_pb_column][\/et_pb_row][\/et_pb_section][et_pb_section fb_built=\"1\" custom_padding_last_edited=\"on|desktop\" _builder_version=\"4.27.3\" _module_preset=\"default\" custom_margin=\"0px||0px||false|false\" custom_padding=\"55px|40px|75px|40px|false|true\" custom_padding_tablet=\"35px|20px|55px|20px|false|true\" custom_padding_phone=\"|20px||20px|false|true\" global_colors_info=\"{}\"][et_pb_row _builder_version=\"4.17.3\" _module_preset=\"default\" custom_margin=\"0px||0px||false|false\" custom_padding=\"0px||0px||false|false\" global_colors_info=\"{}\"][et_pb_column type=\"4_4\" _builder_version=\"4.17.3\" _module_preset=\"default\" global_colors_info=\"{}\"][et_pb_text _builder_version=\"4.27.3\" _module_preset=\"default\" text_text_color=\"#AF0917\" text_orientation=\"center\" custom_margin=\"0px||14px||false|false\" custom_padding=\"0px||0px||false|false\" text_font_size_tablet=\"17px\" text_font_size_phone=\"16px\" text_font_size_last_edited=\"on|desktop\" global_colors_info=\"{}\"]\n\n<strong>Les prestations que nous proposons<\/strong>\n\n[\/et_pb_text][et_pb_text _builder_version=\"4.27.3\" _module_preset=\"default\" header_text_align=\"center\" header_font_size=\"38px\" header_2_text_align=\"center\" header_2_font_size=\"38px\" width=\"620px\" max_width=\"100%\" module_alignment=\"center\" custom_margin=\"0px||0px||false|false\" custom_padding=\"0px||0px||false|false\" header_2_font_size_tablet=\"35px\" header_2_font_size_phone=\"32px\" header_2_font_size_last_edited=\"on|desktop\" global_colors_info=\"{}\"]\n<h2>Ce que vous offre notre institut d'esth\u00e9tique<\/h2>\n[\/et_pb_text][et_pb_text _builder_version=\"4.27.3\" _module_preset=\"default\" text_orientation=\"justified\" width=\"620px\" max_width=\"100%\" module_alignment=\"center\" custom_margin=\"0px||0px||false|false\" custom_padding=\"0px||0px||false|false\" text_font_size_tablet=\"17px\" text_font_size_phone=\"16px\" text_font_size_last_edited=\"on|desktop\" global_colors_info=\"{}\"]\n\nMarie-Luz Garcia, professionnelle d\u2019esth\u00e9tique, vous propose <a href=\"\/soins\/\" title=\"Diff\u00e9rents soins pour hommes et pour femmes\">diff\u00e9rents soins pour hommes et pour femmes<\/a>. Venez d\u00e9couvrir ses gammes de prestige, Cellcosmet\/Cellmen et Alpeor, exclusives \u00e0 Bulle et dans le canton de Fribourg. Lumi\u2019Art vous propose \u00e9galement son <a href=\"\/solarium\/\" title=\"Nouveau solarium\">nouveau solarium<\/a> avec lampes sp\u00e9ciales qui activent le collag\u00e8ne dans les cellules, unique en Suisse romande.\n\nQue ce soit pour votre <a href=\"\/organisation-mariage\/\" title=\"Organisation de votre mariage\">mariage<\/a>, pour une soir\u00e9e importante ou pour une journ\u00e9e particuli\u00e8re, n\u2019h\u00e9sitez pas \u00e0 faire appel \u00e0 Marie-Luz Garcia pour vos <a href=\"\/maquillage\/\" title=\"Maquillages\">maquillages<\/a>. Pour diff\u00e9rentes occasions, elle r\u00e9alise \u00e9galement des maquillages \u00e0 l\u2019a\u00e9rographe ainsi que des maquillages de th\u00e9\u00e2tre. Lumi\u2019Art vous propose aussi des cours de maquillages, des conseils personnalis\u00e9s et pratique \u00e9galement les maquillages permanents et la pose de faux cils.\n\nEn plus des soins esth\u00e9tiques, l'institut Lumi\u2019Art vous propose des conseils individuels en th\u00e9rapie de fleurs de Bach ainsi que des massages sportifs, relaxants ou aux huiles essentielles et conseils en image.\n\nLumi\u2019Art vous accueille dans un espace convivial pour un moment de d\u00e9tente et de bien \u00eatre \u00e0 la Rue de Vevey \u00e0 Bulle.\n\n[\/et_pb_text][\/et_pb_column][\/et_pb_row][\/et_pb_section]","_et_gb_content_width":"","footnotes":""},"class_list":["post-1213","page","type-page","status-publish","hentry"],"_links":{"self":[{"href":"https:\/\/lumiart.ch\/en\/wp-json\/wp\/v2\/pages\/1213","targetHints":{"allow":["GET"]}}],"collection":[{"href":"https:\/\/lumiart.ch\/en\/wp-json\/wp\/v2\/pages"}],"about":[{"href":"https:\/\/lumiart.ch\/en\/wp-json\/wp\/v2\/types\/page"}],"author":[{"embeddable":true,"href":"https:\/\/lumiart.ch\/en\/wp-json\/wp\/v2\/users\/1"}],"replies":[{"embeddable":true,"href":"https:\/\/lumiart.ch\/en\/wp-json\/wp\/v2\/comments?post=1213"}],"version-history":[{"count":10,"href":"https:\/\/lumiart.ch\/en\/wp-json\/wp\/v2\/pages\/1213\/revisions"}],"predecessor-version":[{"id":1559,"href":"https:\/\/lumiart.ch\/en\/wp-json\/wp\/v2\/pages\/1213\/revisions\/1559"}],"wp:attachment":[{"href":"https:\/\/lumiart.ch\/en\/wp-json\/wp\/v2\/media?parent=1213"}],"curies":[{"name":"wp","href":"https:\/\/api.w.org\/{rel}","templated":true}]}}